{"id":434,"date":"2020-09-07T12:49:32","date_gmt":"2020-09-07T12:49:32","guid":{"rendered":"https:\/\/gamingvideoawards.ro\/2020\/?page_id=434"},"modified":"2020-09-23T10:14:18","modified_gmt":"2020-09-23T07:14:18","slug":"cel-mai-bun-continut-axat-pe-jocurile-populare","status":"publish","type":"page","link":"https:\/\/gamingvideoawards.ro\/2020\/categorii-de-concurs\/cel-mai-bun-continut-axat-pe-jocurile-populare\/","title":{"rendered":"Cel mai bun con\u021binut axat pe jocurile populare"},"content":{"rendered":"<p>[vc_section full_width=&#8221;stretch_row&#8221; css=&#8221;.vc_custom_1599469276822{background-image: url(https:\/\/gamingvideoawards.ro\/2020\/wp-content\/uploads\/2020\/09\/lines4.jpg?id=301) !important;}&#8221; el_class=&#8221;page-header&#8221;][vc_row enable_box_shadow=&#8221;no&#8221; el_class=&#8221;page-header-block&#8221;][vc_column][vc_row_inner enable_box_shadow=&#8221;no&#8221; el_class=&#8221;page-header-block-inner&#8221;][vc_column_inner el_class=&#8221;page-header-col-heading&#8221;][vc_custom_heading source=&#8221;post_title&#8221; font_container=&#8221;tag:h1|text_align:left&#8221; use_theme_fonts=&#8221;yes&#8221;][\/vc_column_inner][vc_column_inner el_class=&#8221;page-header-col-description&#8221; width=&#8221;7\/12&#8243;][vc_column_text]<\/p>\n<p class=\"intro\">Minecraft, CS:GO, Fortnite, DotA 2, Brawl Stars \u0219i Call of Duty sunt printre cele mai populare jocuri \u00een Rom\u00e2nia. Exist\u0103 creatori dedica\u021bi fiec\u0103rui joc care au zilnic momente memorabile, sporind popularitatea jocurilor \u0219i a propriei platforme.<\/p>\n<p>[\/vc_column_text][\/vc_column_inner][vc_column_inner el_class=&#8221;page-header-col-criterii&#8221; width=&#8221;5\/12&#8243;][vc_column_text]<\/p>\n<h4>Criterii<\/h4>\n<ul>\n<li style=\"list-style-type: none;\">\n<ul>\n<li>capacitate de comentator<\/li>\n<li>expertiz\u0103 despre joc<\/li>\n<li>umor<\/li>\n<li>versatilitatea \u00een joc (ruperea monotoniei, experimentarea cu moduri, strategii, stiluri de joc)<\/li>\n<\/ul>\n<\/li>\n<\/ul>\n<p>[\/vc_column_text][\/vc_column_inner][\/vc_row_inner][\/vc_column][\/vc_row][\/vc_section][vc_row enable_box_shadow=&#8221;no&#8221;][vc_column][vc_empty_space height=&#8221;50px&#8221;][vc_column_text]<div data-post-id='642' class='insert-page insert-page-642 '><style type=\"text\/css\" data-type=\"vc_shortcodes-custom-css\">.vc_custom_1599851688914{background-image: url(https:\/\/gamingvideoawards.ro\/2020\/wp-content\/uploads\/2020\/09\/lini-blocuri-categorii5.jpg?id=683) !important;}.vc_custom_1599851698478{background-image: url(https:\/\/gamingvideoawards.ro\/2020\/wp-content\/uploads\/2020\/09\/lini-blocuri-categorii5.jpg?id=683) !important;}.vc_custom_1599851708185{background-image: url(https:\/\/gamingvideoawards.ro\/2020\/wp-content\/uploads\/2020\/09\/lini-blocuri-categorii5.jpg?id=683) !important;}.vc_custom_1599851717875{background-image: url(https:\/\/gamingvideoawards.ro\/2020\/wp-content\/uploads\/2020\/09\/lini-blocuri-categorii5.jpg?id=683) !important;}.vc_custom_1599851727694{background-image: url(https:\/\/gamingvideoawards.ro\/2020\/wp-content\/uploads\/2020\/09\/lini-blocuri-categorii5.jpg?id=683) !important;}<\/style><p>[vc_section el_class=&#8221;blocks-categories&#8221;][vc_row enable_box_shadow=&#8221;no&#8221;][vc_column][vc_row_inner enable_box_shadow=&#8221;no&#8221;][vc_column_inner][vc_column_text]<\/p>\n<h3 style=\"text-align: center;\">Sec\u021biuni ale categoriei<\/h3>\n<p>[\/vc_column_text][vc_empty_space el_class=&#8221;space-2&#8243;][\/vc_column_inner][\/vc_row_inner][vc_row_inner enable_box_shadow=&#8221;no&#8221; el_class=&#8221;categorii-block&#8221;][vc_column_inner width=&#8221;1\/2&#8243;][vc_cta h2=&#8221;&#8221; h4=&#8221;Brawl Stars&#8221; txt_align=&#8221;center&#8221; shape=&#8221;square&#8221; style=&#8221;flat&#8221; color=&#8221;juicy-pink&#8221; add_button=&#8221;bottom&#8221; btn_title=&#8221;Vezi categoria&#8221; btn_style=&#8221;flat&#8221; btn_shape=&#8221;square&#8221; btn_color=&#8221;danger&#8221; btn_size=&#8221;sm&#8221; btn_align=&#8221;center&#8221; btn_link=&#8221;url:https%3A%2F%2Fgamingvideoawards.ro%2F2020%2Fcategorii-de-concurs%2Frole-model-of-the-year%2F|title:Role%20Model%20of%20the%20Year||&#8221; css=&#8221;.vc_custom_1599851688914{background-image: url(https:\/\/gamingvideoawards.ro\/2020\/wp-content\/uploads\/2020\/09\/lini-blocuri-categorii5.jpg?id=683) !important;}&#8221;]<a class=\"a-overlay\" href=\"https:\/\/gamingvideoawards.ro\/2020\/categorii-de-concurs\/cel-mai-bun-continut-axat-pe-jocurile-populare\/brawl-stars\">\u00a0<\/a>[\/vc_cta][\/vc_column_inner][vc_column_inner width=&#8221;1\/2&#8243;][vc_cta h2=&#8221;&#8221; h4=&#8221;CS:GO&#8221; txt_align=&#8221;center&#8221; shape=&#8221;square&#8221; style=&#8221;flat&#8221; color=&#8221;juicy-pink&#8221; add_button=&#8221;bottom&#8221; btn_title=&#8221;Vezi categoria&#8221; btn_style=&#8221;flat&#8221; btn_shape=&#8221;square&#8221; btn_color=&#8221;danger&#8221; btn_size=&#8221;sm&#8221; btn_align=&#8221;center&#8221; btn_link=&#8221;url:https%3A%2F%2Fgamingvideoawards.ro%2F2020%2Fcategorii-de-concurs%2Fcreatorul-de-continut-al-anului%2F|title:Role%20Model%20of%20the%20Year||&#8221; css=&#8221;.vc_custom_1599851698478{background-image: url(https:\/\/gamingvideoawards.ro\/2020\/wp-content\/uploads\/2020\/09\/lini-blocuri-categorii5.jpg?id=683) !important;}&#8221;]<a class=\"a-overlay\" href=\"https:\/\/gamingvideoawards.ro\/2020\/categorii-de-concurs\/cel-mai-bun-continut-axat-pe-jocurile-populare\/csgo\">\u00a0<\/a>[\/vc_cta][\/vc_column_inner][vc_column_inner width=&#8221;1\/2&#8243;][vc_cta h2=&#8221;&#8221; h4=&#8221;Minecraft&#8221; txt_align=&#8221;center&#8221; shape=&#8221;square&#8221; style=&#8221;flat&#8221; color=&#8221;juicy-pink&#8221; add_button=&#8221;bottom&#8221; btn_title=&#8221;Vezi categoria&#8221; btn_style=&#8221;flat&#8221; btn_shape=&#8221;square&#8221; btn_color=&#8221;danger&#8221; btn_size=&#8221;sm&#8221; btn_align=&#8221;center&#8221; btn_link=&#8221;url:https%3A%2F%2Fgamingvideoawards.ro%2F2020%2Fcategorii-de-concurs%2Fcel-mai-bun-video-de-gaming%2F|title:Role%20Model%20of%20the%20Year||&#8221; css=&#8221;.vc_custom_1599851708185{background-image: url(https:\/\/gamingvideoawards.ro\/2020\/wp-content\/uploads\/2020\/09\/lini-blocuri-categorii5.jpg?id=683) !important;}&#8221;]<a class=\"a-overlay\" href=\"https:\/\/gamingvideoawards.ro\/2020\/categorii-de-concurs\/cel-mai-bun-continut-axat-pe-jocurile-populare\/minecraft\">\u00a0<\/a>[\/vc_cta][\/vc_column_inner][vc_column_inner width=&#8221;1\/2&#8243;][vc_cta h2=&#8221;&#8221; h4=&#8221;Call of duty&#8221; txt_align=&#8221;center&#8221; shape=&#8221;square&#8221; style=&#8221;flat&#8221; color=&#8221;juicy-pink&#8221; add_button=&#8221;bottom&#8221; btn_title=&#8221;Vezi categoria&#8221; btn_style=&#8221;flat&#8221; btn_shape=&#8221;square&#8221; btn_color=&#8221;danger&#8221; btn_size=&#8221;sm&#8221; btn_align=&#8221;center&#8221; btn_link=&#8221;url:https%3A%2F%2Fgamingvideoawards.ro%2F2020%2Fcategorii-de-concurs%2Fcel-mai-bun-stream%2F|title:Role%20Model%20of%20the%20Year||&#8221; css=&#8221;.vc_custom_1599851717875{background-image: url(https:\/\/gamingvideoawards.ro\/2020\/wp-content\/uploads\/2020\/09\/lini-blocuri-categorii5.jpg?id=683) !important;}&#8221;]<a class=\"a-overlay\" href=\"https:\/\/gamingvideoawards.ro\/2020\/categorii-de-concurs\/cel-mai-bun-continut-axat-pe-jocurile-populare\/call-of-duty\/\">\u00a0<\/a>[\/vc_cta][\/vc_column_inner][vc_column_inner el_class=&#8221;calltoaction-noanim&#8221; width=&#8221;1\/2&#8243;][vc_cta h2=&#8221;&#8221; h4=&#8221;Fortnite&#8221; txt_align=&#8221;center&#8221; shape=&#8221;square&#8221; style=&#8221;flat&#8221; color=&#8221;juicy-pink&#8221; add_button=&#8221;bottom&#8221; btn_title=&#8221;Vezi categoria&#8221; btn_style=&#8221;flat&#8221; btn_shape=&#8221;square&#8221; btn_color=&#8221;danger&#8221; btn_size=&#8221;sm&#8221; btn_align=&#8221;center&#8221; btn_link=&#8221;url:https%3A%2F%2Fgamingvideoawards.ro%2F2020%2Fcategorii-de-concurs%2Fcel-mai-bun-stream%2F|title:Role%20Model%20of%20the%20Year||&#8221; css=&#8221;.vc_custom_1599851727694{background-image: url(https:\/\/gamingvideoawards.ro\/2020\/wp-content\/uploads\/2020\/09\/lini-blocuri-categorii5.jpg?id=683) !important;}&#8221;]<a class=\"a-overlay\" href=\"https:\/\/gamingvideoawards.ro\/2020\/categorii-de-concurs\/cel-mai-bun-continut-axat-pe-jocurile-populare\/fortnite\">\u00a0<\/a>[\/vc_cta][\/vc_column_inner][\/vc_row_inner][\/vc_column][\/vc_row][\/vc_section]<\/p>\n<\/div>[\/vc_column_text][\/vc_column][\/vc_row][vc_row enable_box_shadow=&#8221;no&#8221;][vc_column][vc_empty_space height=&#8221;50px&#8221;][vc_column_text]<div data-post-id='2224' class='insert-page insert-page-2224 '><style type=\"text\/css\" data-type=\"vc_shortcodes-custom-css\">.vc_custom_1599851843031{background-color: #331b42 !important;}<\/style><p>[vc_section full_width=&#8221;stretch_row&#8221; css=&#8221;.vc_custom_1599851843031{background-color: #331b42 !important;}&#8221;][vc_row enable_box_shadow=&#8221;no&#8221;][vc_column][vc_row_inner enable_box_shadow=&#8221;no&#8221;][vc_column_inner width=&#8221;5\/6&#8243; offset=&#8221;vc_col-md-offset-2 vc_col-md-8 vc_col-sm-offset-2&#8243;][vc_column_text]<\/p>\n<h4 style=\"text-align: center;\">Parteneri 2020<\/h4>\n<p>[\/vc_column_text][vc_empty_space el_class=&#8221;space-2&#8243;][\/vc_column_inner][\/vc_row_inner][\/vc_column][\/vc_row][vc_row enable_box_shadow=&#8221;no&#8221;][vc_column width=&#8221;1\/2&#8243; el_class=&#8221;logo-larger&#8221;][vc_row_inner enable_box_shadow=&#8221;no&#8221;][vc_column_inner width=&#8221;1\/2&#8243;][vc_single_image image=&#8221;1956&#8243; img_size=&#8221;full&#8221; alignment=&#8221;center&#8221; onclick=&#8221;custom_link&#8221; el_class=&#8221;logo-partener&#8221; link=&#8221;http:\/\/vodafone.ro\/&#8221;][\/vc_column_inner][vc_column_inner width=&#8221;1\/2&#8243;][vc_single_image image=&#8221;2225&#8243; img_size=&#8221;full&#8221; alignment=&#8221;center&#8221; onclick=&#8221;custom_link&#8221; el_class=&#8221;logo-partener spacer-oneblade&#8221; link=&#8221;https:\/\/www.philips.ro\/c-m-pe\/oneblade-tuns-conturat-barbierit?origin=10_ro_ro_onebladeq32020_pr___fb_gamingvideoawards_mg_oneblade_catpage&#8221;][\/vc_column_inner][\/vc_row_inner][vc_row_inner enable_box_shadow=&#8221;no&#8221;][vc_column_inner width=&#8221;1\/2&#8243;][vc_single_image image=&#8221;1957&#8243; img_size=&#8221;full&#8221; alignment=&#8221;center&#8221; onclick=&#8221;custom_link&#8221; el_class=&#8221;logo-partener logo-bigspace&#8221; link=&#8221;http:\/\/bcr.ro\/&#8221;][\/vc_column_inner][vc_column_inner width=&#8221;1\/2&#8243;][vc_single_image image=&#8221;2226&#8243; img_size=&#8221;full&#8221; alignment=&#8221;center&#8221; onclick=&#8221;custom_link&#8221; el_class=&#8221;logo-partener logo-bigspace&#8221; link=&#8221;https:\/\/www.bmw.ro\/ro\/index.html&#8221;][\/vc_column_inner][\/vc_row_inner][\/vc_column][vc_column width=&#8221;1\/2&#8243; el_class=&#8221;logo-smaller&#8221;][vc_row_inner enable_box_shadow=&#8221;no&#8221;][vc_column_inner width=&#8221;1\/3&#8243;][vc_single_image image=&#8221;1173&#8243; img_size=&#8221;full&#8221; alignment=&#8221;center&#8221; onclick=&#8221;custom_link&#8221; el_class=&#8221;logo-partener&#8221; link=&#8221;https:\/\/www.samsung.com\/ro\/&#8221;][\/vc_column_inner][vc_column_inner width=&#8221;1\/3&#8243;][vc_single_image image=&#8221;1174&#8243; img_size=&#8221;full&#8221; alignment=&#8221;center&#8221; onclick=&#8221;custom_link&#8221; el_class=&#8221;logo-partener&#8221; link=&#8221;https:\/\/eu.aoc.com\/en\/gaming&#8221;][\/vc_column_inner][vc_column_inner width=&#8221;1\/3&#8243;][vc_single_image image=&#8221;1175&#8243; img_size=&#8221;full&#8221; alignment=&#8221;center&#8221; onclick=&#8221;custom_link&#8221; el_class=&#8221;logo-partener&#8221; link=&#8221;https:\/\/www.logitech.com\/en-roeu&#8221;][\/vc_column_inner][vc_column_inner width=&#8221;1\/3&#8243;][vc_single_image image=&#8221;1179&#8243; img_size=&#8221;full&#8221; alignment=&#8221;center&#8221; onclick=&#8221;custom_link&#8221; el_class=&#8221;logo-partener&#8221; link=&#8221;https:\/\/www.bitdefender.ro\/&#8221;][\/vc_column_inner][vc_column_inner width=&#8221;1\/3&#8243;][vc_single_image image=&#8221;2339&#8243; img_size=&#8221;full&#8221; alignment=&#8221;center&#8221; onclick=&#8221;custom_link&#8221; el_class=&#8221;logo-partener spacer-adidas&#8221; link=&#8221;https:\/\/www.adidas.com\/us&#8221;][\/vc_column_inner][vc_column_inner width=&#8221;1\/3&#8243;][vc_single_image image=&#8221;1180&#8243; img_size=&#8221;full&#8221; alignment=&#8221;center&#8221; onclick=&#8221;custom_link&#8221; el_class=&#8221;logo-partener&#8221; link=&#8221;https:\/\/www.foodpanda.ro\/&#8221;][\/vc_column_inner][vc_column_inner width=&#8221;1\/3&#8243;][vc_single_image image=&#8221;2232&#8243; img_size=&#8221;full&#8221; alignment=&#8221;center&#8221; onclick=&#8221;custom_link&#8221; el_class=&#8221;logo-partener spacer-amber&#8221; link=&#8221;https:\/\/amberstudio.com\/&#8221;][\/vc_column_inner][vc_column_inner width=&#8221;1\/3&#8243;][vc_single_image image=&#8221;2312&#8243; img_size=&#8221;full&#8221; alignment=&#8221;center&#8221; onclick=&#8221;custom_link&#8221; el_class=&#8221;logo-partener&#8221; link=&#8221;https:\/\/www.dell.com\/ro\/p\/alienware-laptops&#8221;][\/vc_column_inner][vc_column_inner width=&#8221;1\/3&#8243;][vc_single_image image=&#8221;2356&#8243; img_size=&#8221;full&#8221; alignment=&#8221;center&#8221; onclick=&#8221;custom_link&#8221; el_class=&#8221;logo-partener&#8221; link=&#8221;https:\/\/www.intel.com\/content\/www\/us\/en\/products\/processors.html&#8221;][\/vc_column_inner][vc_column_inner width=&#8221;1\/3&#8243;][vc_single_image image=&#8221;1854&#8243; img_size=&#8221;full&#8221; alignment=&#8221;center&#8221; onclick=&#8221;custom_link&#8221; el_class=&#8221;logo-partener spacer-nexus&#8221; link=&#8221;https:\/\/nexusclub.ro\/&#8221;][\/vc_column_inner][vc_column_inner width=&#8221;1\/3&#8243;][\/vc_column_inner][vc_column_inner width=&#8221;1\/3&#8243;][\/vc_column_inner][\/vc_row_inner][\/vc_column][\/vc_row][\/vc_section]<\/p>\n<\/div>[\/vc_column_text][\/vc_column][\/vc_row]<\/p>\n","protected":false},"excerpt":{"rendered":"<p>[vc_section full_width=&#8221;stretch_row&#8221; css=&#8221;.vc_custom_1599469276822{background-image: url(https:\/\/gamingvideoawards.ro\/2020\/wp-content\/uploads\/2020\/09\/lines4.jpg?id=301) !important;}&#8221; el_class=&#8221;page-header&#8221;][vc_row enable_box_shadow=&#8221;no&#8221; el_class=&#8221;page-header-block&#8221;][vc_column][vc_row_inner enable_box_shadow=&#8221;no&#8221; el_class=&#8221;page-header-block-inner&#8221;][vc_column_inner el_class=&#8221;page-header-col-heading&#8221;][vc_custom_heading source=&#8221;post_title&#8221; font_container=&#8221;tag:h1|text_align:left&#8221; use_theme_fonts=&#8221;yes&#8221;][\/vc_column_inner][vc_column_inner el_class=&#8221;page-header-col-description&#8221; width=&#8221;7\/12&#8243;][vc_column_text] Minecraft, CS:GO, Fortnite, DotA 2, Brawl Stars \u0219i Call of Duty sunt printre cele mai populare jocuri \u00een Rom\u00e2nia. Exist\u0103 creatori dedica\u021bi fiec\u0103rui joc [&hellip;]<\/p>\n","protected":false},"author":1,"featured_media":0,"parent":220,"menu_order":0,"comment_status":"closed","ping_status":"closed","template":"","meta":[],"yoast_head":"<!-- This site is optimized with the Yoast SEO plugin v14.9 - https:\/\/yoast.com\/wordpress\/plugins\/seo\/ -->\n<title>Cel mai bun con\u021binut axat pe jocurile populare - Gaming Video Awards<\/title>\n<meta name=\"robots\" content=\"index, follow, max-snippet:-1, max-image-preview:large, max-video-preview:-1\" \/>\n<link rel=\"canonical\" href=\"https:\/\/gamingvideoawards.ro\/2020\/categorii-de-concurs\/cel-mai-bun-continut-axat-pe-jocurile-populare\/\" \/>\n<meta property=\"og:locale\" content=\"ro_RO\" \/>\n<meta property=\"og:type\" content=\"article\" \/>\n<meta property=\"og:title\" content=\"Cel mai bun con\u021binut axat pe jocurile populare - Gaming Video Awards\" \/>\n<meta property=\"og:description\" content=\"[vc_section full_width=&#8221;stretch_row&#8221; css=&#8221;.vc_custom_1599469276822{background-image: url(https:\/\/gamingvideoawards.ro\/2020\/wp-content\/uploads\/2020\/09\/lines4.jpg?id=301) !important;}&#8221; el_class=&#8221;page-header&#8221;][vc_row enable_box_shadow=&#8221;no&#8221; el_class=&#8221;page-header-block&#8221;][vc_column][vc_row_inner enable_box_shadow=&#8221;no&#8221; el_class=&#8221;page-header-block-inner&#8221;][vc_column_inner el_class=&#8221;page-header-col-heading&#8221;][vc_custom_heading source=&#8221;post_title&#8221; font_container=&#8221;tag:h1|text_align:left&#8221; use_theme_fonts=&#8221;yes&#8221;][\/vc_column_inner][vc_column_inner el_class=&#8221;page-header-col-description&#8221; width=&#8221;7\/12&#8243;][vc_column_text] Minecraft, CS:GO, Fortnite, DotA 2, Brawl Stars \u0219i Call of Duty sunt printre cele mai populare jocuri \u00een Rom\u00e2nia. Exist\u0103 creatori dedica\u021bi fiec\u0103rui joc [&hellip;]\" \/>\n<meta property=\"og:url\" content=\"https:\/\/gamingvideoawards.ro\/2020\/categorii-de-concurs\/cel-mai-bun-continut-axat-pe-jocurile-populare\/\" \/>\n<meta property=\"og:site_name\" content=\"Gaming Video Awards\" \/>\n<meta property=\"article:modified_time\" content=\"2020-09-23T07:14:18+00:00\" \/>\n<meta property=\"og:image\" content=\"https:\/\/gamingvideoawards.ro\/2020\/wp-content\/uploads\/2020\/09\/banner-creator.png\" \/>\n\t<meta property=\"og:image:width\" content=\"500\" \/>\n\t<meta property=\"og:image:height\" content=\"656\" \/>\n<meta name=\"twitter:card\" content=\"summary_large_image\" \/>\n<script type=\"application\/ld+json\" class=\"yoast-schema-graph\">{\"@context\":\"https:\/\/schema.org\",\"@graph\":[{\"@type\":\"WebSite\",\"@id\":\"https:\/\/gamingvideoawards.ro\/2020\/#website\",\"url\":\"https:\/\/gamingvideoawards.ro\/2020\/\",\"name\":\"Gaming Video Awards\",\"description\":\"\",\"potentialAction\":[{\"@type\":\"SearchAction\",\"target\":\"https:\/\/gamingvideoawards.ro\/2020\/?s={search_term_string}\",\"query-input\":\"required name=search_term_string\"}],\"inLanguage\":\"ro-RO\"},{\"@type\":\"WebPage\",\"@id\":\"https:\/\/gamingvideoawards.ro\/2020\/categorii-de-concurs\/cel-mai-bun-continut-axat-pe-jocurile-populare\/#webpage\",\"url\":\"https:\/\/gamingvideoawards.ro\/2020\/categorii-de-concurs\/cel-mai-bun-continut-axat-pe-jocurile-populare\/\",\"name\":\"Cel mai bun con\\u021binut axat pe jocurile populare - Gaming Video Awards\",\"isPartOf\":{\"@id\":\"https:\/\/gamingvideoawards.ro\/2020\/#website\"},\"datePublished\":\"2020-09-07T12:49:32+00:00\",\"dateModified\":\"2020-09-23T07:14:18+00:00\",\"inLanguage\":\"ro-RO\",\"potentialAction\":[{\"@type\":\"ReadAction\",\"target\":[\"https:\/\/gamingvideoawards.ro\/2020\/categorii-de-concurs\/cel-mai-bun-continut-axat-pe-jocurile-populare\/\"]}]}]}<\/script>\n<!-- \/ Yoast SEO plugin. -->","_links":{"self":[{"href":"https:\/\/gamingvideoawards.ro\/2020\/wp-json\/wp\/v2\/pages\/434"}],"collection":[{"href":"https:\/\/gamingvideoawards.ro\/2020\/wp-json\/wp\/v2\/pages"}],"about":[{"href":"https:\/\/gamingvideoawards.ro\/2020\/wp-json\/wp\/v2\/types\/page"}],"author":[{"embeddable":true,"href":"https:\/\/gamingvideoawards.ro\/2020\/wp-json\/wp\/v2\/users\/1"}],"replies":[{"embeddable":true,"href":"https:\/\/gamingvideoawards.ro\/2020\/wp-json\/wp\/v2\/comments?post=434"}],"version-history":[{"count":4,"href":"https:\/\/gamingvideoawards.ro\/2020\/wp-json\/wp\/v2\/pages\/434\/revisions"}],"predecessor-version":[{"id":1254,"href":"https:\/\/gamingvideoawards.ro\/2020\/wp-json\/wp\/v2\/pages\/434\/revisions\/1254"}],"up":[{"embeddable":true,"href":"https:\/\/gamingvideoawards.ro\/2020\/wp-json\/wp\/v2\/pages\/220"}],"wp:attachment":[{"href":"https:\/\/gamingvideoawards.ro\/2020\/wp-json\/wp\/v2\/media?parent=434"}],"curies":[{"name":"wp","href":"https:\/\/api.w.org\/{rel}","templated":true}]}}