{"id":2493,"date":"2021-06-10T00:06:00","date_gmt":"2021-06-09T21:06:00","guid":{"rendered":"https:\/\/gamingvideoawards.ro\/2021\/?page_id=2493"},"modified":"2021-06-15T10:20:31","modified_gmt":"2021-06-15T07:20:31","slug":"faq","status":"publish","type":"page","link":"https:\/\/gamingvideoawards.ro\/2021\/faq\/","title":{"rendered":"\u00centreb\u0103ri frecvente"},"content":{"rendered":"<p>[vc_row enable_box_shadow=&#8221;no&#8221;][vc_column][vc_row_inner enable_box_shadow=&#8221;no&#8221;][vc_column_inner][vc_empty_space el_class=&#8221;space-2&#8243;][vc_column_text]<div data-post-id='2893' class='insert-page insert-page-2893 '><p>[vc_section][vc_row enable_box_shadow=&#8221;no&#8221;][vc_column][vc_column_text]<\/p>\n<h3 style=\"text-align: left;\">\u00centreb\u0103ri frecvente<\/h3>\n<p>[\/vc_column_text][vc_empty_space el_class=&#8221;space-1&#8243;][\/vc_column][\/vc_row][vc_row enable_box_shadow=&#8221;no&#8221;][vc_column width=&#8221;1\/2&#8243;][vc_tta_accordion shape=&#8221;square&#8221; c_icon=&#8221;chevron&#8221; c_position=&#8221;right&#8221; active_section=&#8221;0&#8243; el_class=&#8221;faq-accordion&#8221;][vc_tta_section title=&#8221;Ce este Gaming Video Awards?&#8221; tab_id=&#8221;1623686966437-b051ba59-cfd1&#8243;][vc_column_text]Gaming Video Awards este un eveniment media, organizat anual, care celebreaz\u0103 excelen\u021ba \u00een domeniul con\u021binutului de gaming, premiind at\u00e2t creatorii de con\u021binut de gaming din Rom\u00e2nia, c\u00e2t \u0219i companiile care au ales s\u0103 comunice cu comunit\u0103\u021bile de gaming.[\/vc_column_text][\/vc_tta_section][vc_tta_section title=&#8221;Care sunt platformele de streaming acceptate?&#8221; tab_id=&#8221;1623686966449-9bf4b859-7c0b&#8221;][vc_column_text]Videourile \u00eenscrise trebuie s\u0103 fie urcate public pe platformele YouTube \u0219i Twitch. Videouri de pe TikTok sunt acceptate doar \u00een cadrul categoriei dedicate.[\/vc_column_text][\/vc_tta_section][vc_tta_section title=&#8221;Pot \u00eenscrie mai multe videouri ale aceluia\u0219i creator de con\u021binut?&#8221; tab_id=&#8221;1623686966458-3b15d666-14ef&#8221;][vc_column_text]Creatorul de con\u021binut poate intra \u00een competi\u021bie cu un singur video per categorie. \u00cen cazul \u00een care mai multe videouri ale aceluia\u0219i creator au fost \u00eenscrise la aceea\u0219i categorie, creatorul va fi contactat pentru a alege unul. Acela\u0219i video poate fi \u00eenscris la mai multe categorii, dac\u0103 \u00eentruneste cerin\u021bele fiec\u0103rei categorii.[\/vc_column_text][\/vc_tta_section][vc_tta_section title=&#8221;Care sunt condi\u021biile de eligibilitate pentru creatorii de con\u021binut?&#8221; tab_id=&#8221;1623686966469-541b04fc-38e0&#8243;][vc_column_text]Urm\u0103toarele criterii trebuie \u00eendeplinite \u00een totalitate pentru validarea unei \u00eenscrieri:<br \/>\n\u2013 Creatorii \u00ee\u0219i desf\u0103\u0219oar\u0103 activitatea pe teritoriul Rom\u00e2niei.<br \/>\n\u2013 Canalul este \u00eenfiin\u021bat \u00eenainte de 17 februarie 2021. Pentru categoria Newcomer of the Year, canalul \u0219i-a \u00eenceput activitatea \u00eencep\u00e2nd cu 1 ianuarie 2020.<br \/>\n\u2013 Canalul are minim 1000 subscriberi (YouTube) \/ 50 followeri (Twitch) \/ 200 followeri (TikTok).<br \/>\n\u2013 Canalul are minim 15 video-uri originale sau 10 stream-uri (YouTube, Twitch), respectiv 5 clipuri (TikTok).<br \/>\n\u2013 Con\u021binutul creat este su\u021binut \u00een limba rom\u00e2n\u0103 sau englez\u0103. Nu vor fi acceptate acele videouri sau acei creatori de con\u021binut care nu au o prezen\u021b\u0103 \u00een timpul video-ului \u2013 voce, fa\u021b\u0103, text sau orice alt tip de exprimare a persoanei care realizeaz\u0103 video-ul.<br \/>\n\u2013 Subiectul principal al video-ului \u00eenscris este legat de gaming.<br \/>\n\u2013 Video-ul \u00eenscris sau livestream-ul c\u0103ruia \u00eei apar\u021bine a fost f\u0103cut \u00een perioada 1 ianuarie 2020 \u2013 31 mai 2021, excep\u021bie f\u0103c\u00e2nd categoria Newcomer of the Year \u0219i Cel mai bun video de gaming de TikTok, unde sunt acceptate videouri din perioada 1 ianuarie 2020 \u2013 2 august 2021.<br \/>\n\u2013 Videoul NU prezint\u0103 con\u021binut cu caracter ilegal, abuziv, obscen, rasist, homofob sau sexual.[\/vc_column_text][\/vc_tta_section][vc_tta_section title=&#8221;Care sunt condi\u021biile de eligibilitate pentru categoriile dedicate brandurilor\/agen\u021biilor?&#8221; tab_id=&#8221;1623686966481-a093e1cf-6842&#8243;][vc_column_text]- Campania are un con\u021binut specific care se adreseaz\u0103 unui public de gaming din Rom\u00e2nia.<br \/>\n&#8211; Campania s-a desf\u0103surat cu 2 ani \u00eenainte de data la care se deschid \u00eenscrierile la Gaming Video Awards (1 ianuarie 2019 \u2013 1 aprilie 2021).<br \/>\n&#8211; \u00censcrierea campaniei const\u0103 \u00eentr-un link \u00een care se reg\u0103se\u0219te case study-ul \u00een format PDF (maximum 2 pagini, font 12, limba rom\u00e2n\u0103) \u0219i un link de YouTube cu video-ul campaniei (videoul poate fi publicat ca unlisted, \u00eens\u0103 va avea o durat\u0103 de maximum 2 minute \u0219i va con\u021bine un montaj cu momentele cheie ale campaniei).<br \/>\n&#8211; Video-ul este inteligibil de sine st\u0103t\u0103tor \u0219i disponibil vizion\u0103rii de c\u0103tre public.<br \/>\n&#8211; \u00cen cazul \u00een care un membru al juriului a \u00eenscris o campanie la una dintre categorii, acesta nu jurieaz\u0103 categoria respectiv\u0103.<br \/>\n&#8211; Campania NU prezint\u0103 con\u021binut cu caracter ilegal, abuziv, obscen, rasist, homofob sau sexual.[\/vc_column_text][\/vc_tta_section][\/vc_tta_accordion][\/vc_column][vc_column width=&#8221;1\/2&#8243;][vc_tta_accordion shape=&#8221;square&#8221; c_icon=&#8221;chevron&#8221; c_position=&#8221;right&#8221; active_section=&#8221;0&#8243; el_class=&#8221;faq-accordion&#8221;][vc_tta_section title=&#8221;Ca Brand\/agen\u021bie pot \u00eenscrie campanii care sunt \u00eenc\u0103 \u00een desf\u0103\u0219urare?&#8221; tab_id=&#8221;1623685904479-88c07e24-f594&#8243;][vc_column_text]Da, dac\u0103 acestea prezint\u0103 rezultate cuantificabile la momentul \u00eenscrierii \u00een concurs.[\/vc_column_text][\/vc_tta_section][vc_tta_section title=&#8221;Ce reprezint\u0103 categoriile Role model of the Year \u0219i Content Creator al Anului?&#8221; tab_id=&#8221;1623685904489-d3098210-d40e&#8221;][vc_column_text]Distinc\u021bia Role Model of the Year va fi decernat\u0103 de c\u0103tre juriu, lu\u00e2nd \u00een calcul propunerile publicului, acelui creator de con\u021binut care reprezint\u0103 un etalon profesional \u0219i moral pentru industria de content creation \u00een general, \u0219i pentru cea de gaming \u00een special.<\/p>\n<p>Distinc\u021bia Content Creator al Anului se acord\u0103 creatorului de con\u021binut premiat la cele mai multe categorii la Gala Gaming Video Awards.[\/vc_column_text][\/vc_tta_section][vc_tta_section title=&#8221;Unde pot vota \u0219i urm\u0103ri \u00eenscrierile?&#8221; tab_id=&#8221;1623686793228-099e796a-6b06&#8243;][vc_column_text]At\u00e2t creatorii de con\u021binut, c\u00e2t \u0219i videourile \u00eenscrise validate pot fi votate \u00een cadrul sec\u021biunii corespunz\u0103toare pe <strong>https:\/\/gamingvideoawards.ro\/2021\/categorii-de-concurs\/.<\/strong> Castigatorii vor fi anun\u021ba\u021bi \u00een cadrul galei de premiere, c\u00e2t \u0219i pe <strong>https:\/\/gamingvideoawards.ro\/2021\/.<\/strong>[\/vc_column_text][\/vc_tta_section][vc_tta_section title=&#8221;Unde poate fi urmarit\u0103 gala de premiere?&#8221; tab_id=&#8221;1623686839252-45b26681-508b&#8221;][vc_column_text]Gala de anun\u021bare a c\u00e2\u0219tig\u0103torilor va avea loc pe 7 octombrie 2021, \u00een cadrul unui eveniment online care va fi anun\u021bat pe canalele de social media ale evenimentului \u0219i va putea fi urm\u0103rit pe site-ul <strong>www.gamingvideoawards.ro<\/strong>.[\/vc_column_text][\/vc_tta_section][\/vc_tta_accordion][\/vc_column][\/vc_row][vc_row enable_box_shadow=&#8221;no&#8221;][vc_column][vc_empty_space el_class=&#8221;space-1&#8243;][vc_column_text]Pentru orice alte informa\u021bii, ne pute\u021bi scrie pe adresa <strong>contact@gamingvideoawards.ro<\/strong>[\/vc_column_text][\/vc_column][\/vc_row][\/vc_section]<\/p>\n<\/div>[\/vc_column_text][\/vc_column_inner][\/vc_row_inner][\/vc_column][\/vc_row][vc_row enable_box_shadow=&#8221;no&#8221;][vc_column][vc_row_inner enable_box_shadow=&#8221;no&#8221;][vc_column_inner][vc_empty_space el_class=&#8221;space-3&#8243;][vc_column_text]<div data-post-id='2224' class='insert-page insert-page-2224 '><style type=\"text\/css\" data-type=\"vc_shortcodes-custom-css\">.vc_custom_1623159510130{background-color: #ffffff !important;}.vc_custom_1632907864920{margin-top: 15px !important;}.vc_custom_1632908791672{margin-top: -4px !important;}<\/style><p>[vc_section full_width=&#8221;stretch_row&#8221; css=&#8221;.vc_custom_1623159510130{background-color: #ffffff !important;}&#8221;][vc_row enable_box_shadow=&#8221;no&#8221;][vc_column][vc_row_inner enable_box_shadow=&#8221;no&#8221;][vc_column_inner width=&#8221;5\/6&#8243; offset=&#8221;vc_col-md-offset-2 vc_col-md-8 vc_col-sm-offset-2&#8243;][vc_column_text]<\/p>\n<h4 style=\"text-align: center;\">Parteneri<\/h4>\n<p>[\/vc_column_text][vc_empty_space el_class=&#8221;space-2&#8243;][\/vc_column_inner][\/vc_row_inner][\/vc_column][\/vc_row][vc_row enable_box_shadow=&#8221;no&#8221;][vc_column width=&#8221;5\/12&#8243; el_class=&#8221;logo-larger&#8221;][vc_row_inner enable_box_shadow=&#8221;no&#8221;][vc_column_inner width=&#8221;1\/2&#8243;][vc_single_image image=&#8221;2590&#8243; img_size=&#8221;full&#8221; alignment=&#8221;center&#8221; onclick=&#8221;custom_link&#8221; img_link_target=&#8221;_blank&#8221; el_class=&#8221;logo-partener&#8221; link=&#8221;http:\/\/vodafone.ro\/&#8221;][\/vc_column_inner][vc_column_inner width=&#8221;1\/2&#8243;][vc_single_image image=&#8221;2591&#8243; img_size=&#8221;full&#8221; alignment=&#8221;center&#8221; onclick=&#8221;custom_link&#8221; img_link_target=&#8221;_blank&#8221; el_class=&#8221;logo-partener&#8221; link=&#8221;https:\/\/www.bcr.ro\/ro\/george-initial&#8221;][\/vc_column_inner][\/vc_row_inner][vc_row_inner enable_box_shadow=&#8221;no&#8221;][vc_column_inner width=&#8221;1\/2&#8243;][\/vc_column_inner][vc_column_inner width=&#8221;1\/2&#8243;][\/vc_column_inner][\/vc_row_inner][\/vc_column][vc_column width=&#8221;7\/12&#8243; el_class=&#8221;logo-smaller&#8221;][vc_row_inner enable_box_shadow=&#8221;no&#8221;][vc_column_inner width=&#8221;1\/4&#8243;][vc_single_image image=&#8221;3813&#8243; img_size=&#8221;medium&#8221; alignment=&#8221;center&#8221; onclick=&#8221;custom_link&#8221; img_link_target=&#8221;_blank&#8221; el_class=&#8221;logo-partener logo-samsung&#8221; link=&#8221;https:\/\/www.samsung.ro&#8221; css=&#8221;.vc_custom_1632907864920{margin-top: 15px !important;}&#8221;][\/vc_column_inner][vc_column_inner width=&#8221;1\/4&#8243;][vc_single_image image=&#8221;2594&#8243; img_size=&#8221;full&#8221; alignment=&#8221;center&#8221; onclick=&#8221;custom_link&#8221; img_link_target=&#8221;_blank&#8221; el_class=&#8221;logo-partener logo-logitech&#8221; link=&#8221;https:\/\/www.logitech.com\/en-roeu&#8221;][\/vc_column_inner][vc_column_inner width=&#8221;1\/4&#8243;][vc_single_image image=&#8221;2592&#8243; img_size=&#8221;full&#8221; alignment=&#8221;center&#8221; onclick=&#8221;custom_link&#8221; img_link_target=&#8221;_blank&#8221; el_class=&#8221;logo-partener&#8221; link=&#8221;https:\/\/www.foodpanda.ro\/&#8221;][\/vc_column_inner][vc_column_inner width=&#8221;1\/4&#8243;][vc_single_image image=&#8221;3249&#8243; img_size=&#8221;full&#8221; alignment=&#8221;center&#8221; onclick=&#8221;custom_link&#8221; img_link_target=&#8221;_blank&#8221; el_class=&#8221;logo-partener&#8221; link=&#8221;https:\/\/www.dell.com\/ro\/intreprinderi\/p\/alienware-laptops&#8221;][\/vc_column_inner][vc_column_inner width=&#8221;1\/4&#8243;][vc_single_image image=&#8221;3913&#8243; img_size=&#8221;full&#8221; alignment=&#8221;center&#8221; onclick=&#8221;custom_link&#8221; img_link_target=&#8221;_blank&#8221; el_class=&#8221;logo-partener extra-margin&#8221; link=&#8221;https:\/\/eu.aoc.com\/en\/gaming&#8221;][\/vc_column_inner][vc_column_inner width=&#8221;1\/4&#8243;][vc_single_image image=&#8221;3821&#8243; img_size=&#8221;126&#215;41&#8243; alignment=&#8221;center&#8221; onclick=&#8221;custom_link&#8221; img_link_target=&#8221;_blank&#8221; el_class=&#8221;logo-partener maxw-140 extra-margin&#8221; link=&#8221;https:\/\/www.philips.ro\/c-m-pe\/oneblade-tuns-conturat-barbierit?origin=2_ro_ro_20q4romgoneblad_bgw___cf_awa&#038;utm_source=bgw&#038;utm_medium=affiliate&#038;utm_campaign=20q4romgoneblad&#038;utm_content=awa&#038;utm_term=0&#8243; css=&#8221;.vc_custom_1632908791672{margin-top: -4px !important;}&#8221;][\/vc_column_inner][vc_column_inner width=&#8221;1\/4&#8243;][vc_single_image image=&#8221;2593&#8243; img_size=&#8221;full&#8221; alignment=&#8221;center&#8221; onclick=&#8221;custom_link&#8221; img_link_target=&#8221;_blank&#8221; el_class=&#8221;logo-partener extra-margin&#8221; link=&#8221;https:\/\/amberstudio.com\/&#8221;][\/vc_column_inner][vc_column_inner width=&#8221;1\/4&#8243;][vc_single_image image=&#8221;3952&#8243; img_size=&#8221;full&#8221; alignment=&#8221;center&#8221; onclick=&#8221;custom_link&#8221; img_link_target=&#8221;_blank&#8221; el_class=&#8221;logo-partener logo-adidas&#8221; link=&#8221;https:\/\/www.adidas.com\/us&#8221;][\/vc_column_inner][vc_column_inner width=&#8221;1\/4&#8243;][vc_single_image image=&#8221;3960&#8243; img_size=&#8221;full&#8221; alignment=&#8221;center&#8221; onclick=&#8221;custom_link&#8221; img_link_target=&#8221;_blank&#8221; el_class=&#8221;logo-partener&#8221; link=&#8221;https:\/\/nexusclub.ro\/&#8221;][\/vc_column_inner][vc_column_inner width=&#8221;1\/4&#8243;][vc_single_image image=&#8221;3970&#8243; img_size=&#8221;full&#8221; alignment=&#8221;center&#8221; onclick=&#8221;custom_link&#8221; img_link_target=&#8221;_blank&#8221; el_class=&#8221;logo-partener&#8221; link=&#8221;https:\/\/www.digitalcrusade.ro\/&#8221;][\/vc_column_inner][\/vc_row_inner][\/vc_column][\/vc_row][vc_row disable_element=&#8221;yes&#8221; enable_box_shadow=&#8221;no&#8221;][vc_column el_class=&#8221;logo-larger&#8221;][vc_single_image image=&#8221;2481&#8243; img_size=&#8221;full&#8221; alignment=&#8221;center&#8221;][\/vc_column][\/vc_row][\/vc_section][vc_section full_width=&#8221;stretch_row&#8221; el_class=&#8221;floatingbar-logo hide-mobile&#8221;][vc_row enable_box_shadow=&#8221;no&#8221;][vc_column][vc_images_carousel images=&#8221;2954,2955,3813,2880,2878,3249,3919,3821,2879,3956,3961,3964&#8243; img_size=&#8221;medium&#8221; onclick=&#8221;custom_link&#8221; custom_links_target=&#8221;_blank&#8221; hide_pagination_control=&#8221;yes&#8221; hide_prev_next_buttons=&#8221;yes&#8221; el_class=&#8221;logo-carousel&#8221; custom_links=&#8221;#E-8_aHR0cCUzQSUyRiUyRnZvZGFmb25lLnJvJTJGJTJDaHR0cHMlM0ElMkYlMkZ3d3cuYmNyLnJvJTJGcm8lMkZnZW9yZ2UtaW5pdGlhbCUyQ2h0dHBzJTNBJTJGJTJGd3d3LnNhbXN1bmcuY29tJTJGcm8lMkYlMkNodHRwcyUzQSUyRiUyRnd3dy5sb2dpdGVjaC5jb20lMkZlbi1yb2V1JTJDaHR0cHMlM0ElMkYlMkZ3d3cuZm9vZHBhbmRhLnJvJTJGJTJDaHR0cHMlM0ElMkYlMkZ3d3cuZGVsbC5jb20lMkZybyUyRmludHJlcHJpbmRlcmklMkZwJTJGYWxpZW53YXJlLWxhcHRvcHMlMkNodHRwcyUzQSUyRiUyRmV1LmFvYy5jb20lMkZlbiUyRmdhbWluZyUyQ2h0dHBzJTNBJTJGJTJGd3d3LnBoaWxpcHMucm8lMkZjLW0tcGUlMkZvbmVibGFkZS10dW5zLWNvbnR1cmF0LWJhcmJpZXJpdCUzRm9yaWdpbiUzRDJfcm9fcm9fMjBxNHJvbWdvbmVibGFkX2Jnd19fX2NmX2F3YSUyNnV0bV9zb3VyY2UlM0RiZ3clMjZ1dG1fbWVkaXVtJTNEYWZmaWxpYXRlJTI2dXRtX2NhbXBhaWduJTNEMjBxNHJvbWdvbmVibGFkJTI2dXRtX2NvbnRlbnQlM0Rhd2ElMjZ1dG1fdGVybSUzRDAlMkNodHRwcyUzQSUyRiUyRmFtYmVyc3R1ZGlvLmNvbSUyRiUyQ2h0dHBzJTNBJTJGJTJGd3d3LmFkaWRhcy5jb20lMkZ1cyUyQ2h0dHBzJTNBJTJGJTJGbmV4dXNjbHViLnJvJTJGJTJDaHR0cHMlM0ElMkYlMkZ3d3cuZGlnaXRhbGNydXNhZGUucm8lMkY=&#8221;][\/vc_column][\/vc_row][\/vc_section]<\/p>\n<\/div>[\/vc_column_text][\/vc_column_inner][\/vc_row_inner][\/vc_column][\/vc_row]<\/p>\n","protected":false},"excerpt":{"rendered":"<p>[vc_row enable_box_shadow=&#8221;no&#8221;][vc_column][vc_row_inner enable_box_shadow=&#8221;no&#8221;][vc_column_inner][vc_empty_space el_class=&#8221;space-2&#8243;][vc_column_text][\/vc_column_text][\/vc_column_inner][\/vc_row_inner][\/vc_column][\/vc_row][vc_row enable_box_shadow=&#8221;no&#8221;][vc_column][vc_row_inner enable_box_shadow=&#8221;no&#8221;][vc_column_inner][vc_empty_space el_class=&#8221;space-3&#8243;][vc_column_text][\/vc_column_text][\/vc_column_inner][\/vc_row_inner][\/vc_column][\/vc_row]<\/p>\n","protected":false},"author":1,"featured_media":0,"parent":0,"menu_order":0,"comment_status":"closed","ping_status":"closed","template":"","meta":[],"yoast_head":"<!-- This site is optimized with the Yoast SEO plugin v16.4 - https:\/\/yoast.com\/wordpress\/plugins\/seo\/ -->\n<title>\u00centreb\u0103ri frecvente - Gaming Video Awards<\/title>\n<meta name=\"robots\" content=\"index, follow, max-snippet:-1, max-image-preview:large, max-video-preview:-1\" \/>\n<link rel=\"canonical\" href=\"https:\/\/gamingvideoawards.ro\/2021\/faq\/\" \/>\n<meta property=\"og:locale\" content=\"ro_RO\" \/>\n<meta property=\"og:type\" content=\"article\" \/>\n<meta property=\"og:title\" content=\"\u00centreb\u0103ri frecvente - Gaming Video Awards\" \/>\n<meta property=\"og:description\" content=\"[vc_row enable_box_shadow=&#8221;no&#8221;][vc_column][vc_row_inner enable_box_shadow=&#8221;no&#8221;][vc_column_inner][vc_empty_space el_class=&#8221;space-2&#8243;][vc_column_text][\/vc_column_text][\/vc_column_inner][\/vc_row_inner][\/vc_column][\/vc_row][vc_row enable_box_shadow=&#8221;no&#8221;][vc_column][vc_row_inner enable_box_shadow=&#8221;no&#8221;][vc_column_inner][vc_empty_space el_class=&#8221;space-3&#8243;][vc_column_text][\/vc_column_text][\/vc_column_inner][\/vc_row_inner][\/vc_column][\/vc_row]\" \/>\n<meta property=\"og:url\" content=\"https:\/\/gamingvideoawards.ro\/2021\/faq\/\" \/>\n<meta property=\"og:site_name\" content=\"Gaming Video Awards\" \/>\n<meta property=\"article:modified_time\" content=\"2021-06-15T07:20:31+00:00\" \/>\n<meta property=\"og:image\" content=\"https:\/\/gamingvideoawards.ro\/2021\/wp-content\/uploads\/2020\/09\/banner-creator.png\" \/>\n\t<meta property=\"og:image:width\" content=\"500\" \/>\n\t<meta property=\"og:image:height\" content=\"656\" \/>\n<meta name=\"twitter:card\" content=\"summary_large_image\" \/>\n<meta name=\"twitter:label1\" content=\"Timp estimat pentru citire\" \/>\n\t<meta name=\"twitter:data1\" content=\"3 minute\" \/>\n<script type=\"application\/ld+json\" class=\"yoast-schema-graph\">{\"@context\":\"https:\/\/schema.org\",\"@graph\":[{\"@type\":\"WebSite\",\"@id\":\"https:\/\/gamingvideoawards.ro\/2021\/#website\",\"url\":\"https:\/\/gamingvideoawards.ro\/2021\/\",\"name\":\"Gaming Video Awards\",\"description\":\"\",\"potentialAction\":[{\"@type\":\"SearchAction\",\"target\":\"https:\/\/gamingvideoawards.ro\/2021\/?s={search_term_string}\",\"query-input\":\"required name=search_term_string\"}],\"inLanguage\":\"ro-RO\"},{\"@type\":\"WebPage\",\"@id\":\"https:\/\/gamingvideoawards.ro\/2021\/faq\/#webpage\",\"url\":\"https:\/\/gamingvideoawards.ro\/2021\/faq\/\",\"name\":\"\\u00centreb\\u0103ri frecvente - Gaming Video Awards\",\"isPartOf\":{\"@id\":\"https:\/\/gamingvideoawards.ro\/2021\/#website\"},\"datePublished\":\"2021-06-09T21:06:00+00:00\",\"dateModified\":\"2021-06-15T07:20:31+00:00\",\"breadcrumb\":{\"@id\":\"https:\/\/gamingvideoawards.ro\/2021\/faq\/#breadcrumb\"},\"inLanguage\":\"ro-RO\",\"potentialAction\":[{\"@type\":\"ReadAction\",\"target\":[\"https:\/\/gamingvideoawards.ro\/2021\/faq\/\"]}]},{\"@type\":\"BreadcrumbList\",\"@id\":\"https:\/\/gamingvideoawards.ro\/2021\/faq\/#breadcrumb\",\"itemListElement\":[{\"@type\":\"ListItem\",\"position\":1,\"item\":{\"@type\":\"WebPage\",\"@id\":\"https:\/\/gamingvideoawards.ro\/2021\/\",\"url\":\"https:\/\/gamingvideoawards.ro\/2021\/\",\"name\":\"Prima pagin\\u0103\"}},{\"@type\":\"ListItem\",\"position\":2,\"item\":{\"@id\":\"https:\/\/gamingvideoawards.ro\/2021\/faq\/#webpage\"}}]}]}<\/script>\n<!-- \/ Yoast SEO plugin. -->","_links":{"self":[{"href":"https:\/\/gamingvideoawards.ro\/2021\/wp-json\/wp\/v2\/pages\/2493"}],"collection":[{"href":"https:\/\/gamingvideoawards.ro\/2021\/wp-json\/wp\/v2\/pages"}],"about":[{"href":"https:\/\/gamingvideoawards.ro\/2021\/wp-json\/wp\/v2\/types\/page"}],"author":[{"embeddable":true,"href":"https:\/\/gamingvideoawards.ro\/2021\/wp-json\/wp\/v2\/users\/1"}],"replies":[{"embeddable":true,"href":"https:\/\/gamingvideoawards.ro\/2021\/wp-json\/wp\/v2\/comments?post=2493"}],"version-history":[{"count":11,"href":"https:\/\/gamingvideoawards.ro\/2021\/wp-json\/wp\/v2\/pages\/2493\/revisions"}],"predecessor-version":[{"id":2925,"href":"https:\/\/gamingvideoawards.ro\/2021\/wp-json\/wp\/v2\/pages\/2493\/revisions\/2925"}],"wp:attachment":[{"href":"https:\/\/gamingvideoawards.ro\/2021\/wp-json\/wp\/v2\/media?parent=2493"}],"curies":[{"name":"wp","href":"https:\/\/api.w.org\/{rel}","templated":true}]}}