{"id":4193,"date":"2022-07-10T14:58:13","date_gmt":"2022-07-10T11:58:13","guid":{"rendered":"https:\/\/gamingvideoawards.ro\/2022\/?page_id=4193"},"modified":"2022-07-22T13:44:58","modified_gmt":"2022-07-22T10:44:58","slug":"noutati-gva-2022","status":"publish","type":"page","link":"https:\/\/gamingvideoawards.ro\/2022\/noutati-gva-2022\/","title":{"rendered":"Nout\u0103\u021bi GVA 2022"},"content":{"rendered":"<p>[vc_row enable_box_shadow=&#8221;no&#8221;][vc_column][vc_row_inner enable_box_shadow=&#8221;no&#8221;][vc_column_inner][vc_custom_heading source=&#8221;post_title&#8221; font_container=&#8221;tag:h1|text_align:left&#8221;][\/vc_column_inner][\/vc_row_inner][vc_column_text]<\/p>\n<h4 class=\"cap-regulament\"><span class=\"regulament\">Categorii GVA 2022<\/span><\/h4>\n<ol class=\"ol-regulament\">\n<li style=\"list-style-type: none;\">\n<ol class=\"ol-regulament\">\n<li>Categoriile dedicate creatorilor de con\u021binut au fost revizuite \u0219i au fost adaugate altele noi.<\/li>\n<li>Noile categoriile sunt: CEL MAI BUN CASTER DE ESPORTS, CEL MAI BUN STREAMER DE VARIETY, CEL MAI BUN VIDEO AL UNUI JUC\u0102TOR PRO, CEL MAI POPULAR STREAMER.<\/li>\n<li>Vezi aici toate categoriile de concurs: https:\/\/gamingvideoawards.ro\/2022\/categorii-de-concurs\/<\/li>\n<\/ol>\n<\/li>\n<\/ol>\n<p>[\/vc_column_text][vc_column_text]<\/p>\n<h4 class=\"cap-regulament\"><span class=\"regulament\">Juriu<\/span><\/h4>\n<ol class=\"ol-regulament\">\n<li style=\"list-style-type: none;\">\n<ol class=\"ol-regulament\">\n<li>Creatorii de con\u021binut JaxiTV, Ovvy \u0219i Bobospider vor face parte din juriu \u0219i nu vor mai putea fi nominaliza\u021bi.<\/li>\n<\/ol>\n<\/li>\n<\/ol>\n<p>[\/vc_column_text][vc_column_text]<\/p>\n<h4 class=\"cap-regulament\"><span class=\"regulament\">Limitarea \u00eenscrierilor<\/span><\/h4>\n<ol class=\"ol-regulament\">\n<li style=\"list-style-type: none;\">\n<ol class=\"ol-regulament\">\n<li>\u00cen cazul brandurilor, num\u0103rul \u00eenscrierilor r\u0103m\u00e2ne nelimitat. \u00cen timp ce creatorii de con\u021binut se pot \u00eenscrie sau pot fi \u00eenscri\u0219i la maximum 4 categorii.<\/li>\n<\/ol>\n<\/li>\n<\/ol>\n<p>[\/vc_column_text][vc_column_text]<\/p>\n<h4 class=\"cap-regulament\"><span class=\"regulament\">Determinarea c\u00e2\u0219tig\u0103torilor<\/span><\/h4>\n<ol class=\"ol-regulament\">\n<li style=\"list-style-type: none;\">\n<ol class=\"ol-regulament\">\n<li>Publicul va putea \u00een continuare s\u0103 \u00ee\u0219i \u00eenscrie creatorii de con\u021binut favori\u021bi, \u00eens\u0103 va putea vota doar nominaliza\u021bii la Categoria de Popularitate (categorie nou ad\u0103ugat\u0103).<\/li>\n<li>Publicul va fi cel care va alege c\u00e2\u0219tig\u0103torul la Categoria de Popularitate (Cel mai popular streamer), \u00eens\u0103 numele acestuia va fi f\u0103cut public la gala de premiere.<\/li>\n<li>A\u0219adar, to\u021bi nominaliza\u021bii la celelalte categorii vor fi evalua\u021bi direct de juriu, care va stabili c\u00e2\u0219tig\u0103torii.<\/li>\n<\/ol>\n<\/li>\n<\/ol>\n<p>[\/vc_column_text][vc_column_text]<\/p>\n<h4 class=\"cap-regulament\"><span class=\"regulament\">Premiile<\/span><\/h4>\n<ol class=\"ol-regulament\">\n<li style=\"list-style-type: none;\">\n<ol class=\"ol-regulament\">\n<li>Din 2021 am \u00eenceput s\u0103 oferim 2 premii per categorie primilor 2 care au ob\u021binut cele mai mari note din partea juriului. Creatorul de con\u021binut sau brandul \/ agen\u021bia de pe locul doi va primi o diplom\u0103 de excelen\u021b\u0103, iar cel clasat pe primul loc at\u00e2t diplom\u0103, c\u00e2t \u0219i trofeul categoriei.<\/li>\n<li>Excep\u021bie fac doar c\u00e2teva categorii care vor avea un singur c\u00e2\u0219tig\u0103tor, detalii se reg\u0103sesc \u00een Regulament \/ Capitolul 7 \u2013 C\u00e2\u0219tig\u0103tori.<\/li>\n<\/ol>\n<\/li>\n<\/ol>\n<p>[\/vc_column_text][vc_column_text]<\/p>\n<h4 class=\"cap-regulament\"><span class=\"regulament\">Gala de anun\u021bare a c\u00e2\u0219tigatorilor<\/span><\/h4>\n<ol class=\"ol-regulament\">\n<li style=\"list-style-type: none;\">\n<ol class=\"ol-regulament\">\n<li>Gala de anun\u021bare a c\u00e2\u0219tig\u0103torilor va avea loc \u00een octombrie 2022, \u00een cadrul unui eveniment offline care va fi anun\u021bat pe canalele de social media ale evenimentului \u0219i va putea fi urm\u0103rit \u0219i live pe site-ul <a href=\"https:\/\/gamingvideoawards.ro\/2022\/\">www.gamingvideoawards.ro<\/a><\/li>\n<\/ol>\n<\/li>\n<\/ol>\n<p>[\/vc_column_text][vc_column_text]<\/p>\n<p class=\"q-a\">Pentru \u00eentreb\u0103ri, scrie\u021bi pe adresa <strong><a class=\"desc-cond\" href=\"mailto:contact@gamingvideoawards.ro\" target=\"_blank\" rel=\"noopener noreferrer\">contact@gamingvideoawards.ro<\/a><\/strong><\/p>\n<p>[\/vc_column_text][\/vc_column][\/vc_row][vc_row enable_box_shadow=&#8221;no&#8221;][vc_column][vc_row_inner enable_box_shadow=&#8221;no&#8221;][vc_column_inner][vc_empty_space el_class=&#8221;space-3&#8243;][vc_column_text]<div data-post-id='2224' class='insert-page insert-page-2224 '><style type=\"text\/css\" data-type=\"vc_shortcodes-custom-css\">.vc_custom_1623159510130{background-color: #ffffff !important;}.vc_custom_1659964034672{background-color: #ffffff !important;}.vc_custom_1664795262568{margin-top: 50px !important;}.vc_custom_1661325419031{margin-top: -4px !important;}.vc_custom_1632907864920{margin-top: 15px !important;}.vc_custom_1657709719765{margin-top: -15px !important;}.vc_custom_1658999550144{margin-top: 25px !important;}.vc_custom_1661325365724{margin-top: 25px !important;}.vc_custom_1661325419031{margin-top: -4px !important;}.vc_custom_1665391723031{margin-top: -5px !important;}.vc_custom_1632907864920{margin-top: 15px !important;}.vc_custom_1632908791672{margin-top: -4px !important;}<\/style><p>[vc_section full_width=&#8221;stretch_row&#8221; css=&#8221;.vc_custom_1623159510130{background-color: #ffffff !important;}&#8221;][vc_row enable_box_shadow=&#8221;no&#8221;][vc_column][vc_row_inner enable_box_shadow=&#8221;no&#8221;][vc_column_inner width=&#8221;5\/6&#8243; offset=&#8221;vc_col-md-offset-2 vc_col-md-8 vc_col-sm-offset-2&#8243;][vc_column_text]<\/p>\n<h4 style=\"text-align: center;\">Parteneri<\/h4>\n<p>[\/vc_column_text][vc_empty_space el_class=&#8221;space-2&#8243;][\/vc_column_inner][\/vc_row_inner][\/vc_column][\/vc_row][vc_row enable_box_shadow=&#8221;no&#8221;][vc_column el_class=&#8221;logo-larger&#8221;][vc_row_inner enable_box_shadow=&#8221;no&#8221;][vc_column_inner width=&#8221;1\/6&#8243;][vc_single_image image=&#8221;2590&#8243; img_size=&#8221;full&#8221; alignment=&#8221;center&#8221; onclick=&#8221;custom_link&#8221; img_link_target=&#8221;_blank&#8221; el_class=&#8221;logo-partener&#8221; link=&#8221;http:\/\/vodafone.ro\/&#8221;][\/vc_column_inner][vc_column_inner width=&#8221;1\/6&#8243;][vc_single_image image=&#8221;2591&#8243; img_size=&#8221;full&#8221; alignment=&#8221;center&#8221; onclick=&#8221;custom_link&#8221; img_link_target=&#8221;_blank&#8221; el_class=&#8221;logo-partener&#8221; link=&#8221;https:\/\/www.bcr.ro\/ro\/george-initial&#8221;][\/vc_column_inner][vc_column_inner width=&#8221;1\/6&#8243;][vc_single_image image=&#8221;3813&#8243; img_size=&#8221;medium&#8221; alignment=&#8221;center&#8221; onclick=&#8221;custom_link&#8221; img_link_target=&#8221;_blank&#8221; el_class=&#8221;logo-partener logo-samsung&#8221; link=&#8221;https:\/\/www.samsung.ro&#8221; css=&#8221;.vc_custom_1632907864920{margin-top: 15px !important;}&#8221;][\/vc_column_inner][vc_column_inner width=&#8221;1\/6&#8243;][vc_single_image image=&#8221;4267&#8243; img_size=&#8221;medium&#8221; alignment=&#8221;center&#8221; onclick=&#8221;custom_link&#8221; img_link_target=&#8221;_blank&#8221; el_class=&#8221;logo-partener logo-samsung&#8221; link=&#8221;https:\/\/eu.aoc.com\/en\/gaming&#8221; css=&#8221;.vc_custom_1657709719765{margin-top: -15px !important;}&#8221;][\/vc_column_inner][vc_column_inner width=&#8221;1\/6&#8243;][vc_single_image image=&#8221;2593&#8243; img_size=&#8221;full&#8221; alignment=&#8221;center&#8221; onclick=&#8221;custom_link&#8221; img_link_target=&#8221;_blank&#8221; el_class=&#8221;logo-partener extra-margin&#8221; link=&#8221;https:\/\/amberstudio.com\/&#8221; css=&#8221;.vc_custom_1658999550144{margin-top: 25px !important;}&#8221;][\/vc_column_inner][vc_column_inner width=&#8221;1\/6&#8243; css=&#8221;.vc_custom_1661325419031{margin-top: -4px !important;}&#8221;][vc_single_image image=&#8221;5013&#8243; img_size=&#8221;143&#215;26&#8243; alignment=&#8221;center&#8221; onclick=&#8221;custom_link&#8221; img_link_target=&#8221;_blank&#8221; el_class=&#8221;logo-partener extra-margin&#8221; link=&#8221;https:\/\/www.loreal.com\/en\/romania\/&#8221; css=&#8221;.vc_custom_1661325365724{margin-top: 25px !important;}&#8221;][\/vc_column_inner][\/vc_row_inner][vc_row_inner enable_box_shadow=&#8221;no&#8221; css=&#8221;.vc_custom_1664795262568{margin-top: 50px !important;}&#8221;][vc_column_inner width=&#8221;1\/6&#8243;][vc_single_image image=&#8221;5295&#8243; img_size=&#8221;full&#8221; alignment=&#8221;center&#8221; onclick=&#8221;custom_link&#8221; img_link_target=&#8221;_blank&#8221; el_class=&#8221;logo-partener logo-megamall&#8221; link=&#8221;https:\/\/megamallbucuresti.ro\/&#8221;][\/vc_column_inner][vc_column_inner width=&#8221;1\/6&#8243;][vc_single_image image=&#8221;5296&#8243; img_size=&#8221;full&#8221; alignment=&#8221;center&#8221; onclick=&#8221;custom_link&#8221; img_link_target=&#8221;_blank&#8221; el_class=&#8221;logo-partener&#8221; link=&#8221;https:\/\/www.cinemacity.ro\/#\/&#8221;][\/vc_column_inner][vc_column_inner width=&#8221;1\/6&#8243;][vc_single_image image=&#8221;5297&#8243; img_size=&#8221;full&#8221; alignment=&#8221;center&#8221; onclick=&#8221;custom_link&#8221; img_link_target=&#8221;_blank&#8221; el_class=&#8221;logo-partener logo-rog&#8221; link=&#8221;https:\/\/rog.asus.com\/ro\/&#8221;][\/vc_column_inner][vc_column_inner width=&#8221;1\/6&#8243;][vc_single_image image=&#8221;5369&#8243; img_size=&#8221;full&#8221; alignment=&#8221;center&#8221; onclick=&#8221;custom_link&#8221; img_link_target=&#8221;_blank&#8221; el_class=&#8221;logo-partener logo-rog&#8221; link=&#8221;https:\/\/rockstarenergy.ro\/&#8221; css=&#8221;.vc_custom_1665391723031{margin-top: -5px !important;}&#8221;][\/vc_column_inner][vc_column_inner width=&#8221;1\/6&#8243;][\/vc_column_inner][vc_column_inner width=&#8221;1\/6&#8243; css=&#8221;.vc_custom_1661325419031{margin-top: -4px !important;}&#8221;][\/vc_column_inner][\/vc_row_inner][\/vc_column][\/vc_row][vc_row disable_element=&#8221;yes&#8221; enable_box_shadow=&#8221;no&#8221;][vc_column width=&#8221;5\/12&#8243; el_class=&#8221;logo-larger&#8221;][vc_row_inner enable_box_shadow=&#8221;no&#8221;][vc_column_inner width=&#8221;1\/2&#8243;][vc_single_image image=&#8221;2590&#8243; img_size=&#8221;full&#8221; alignment=&#8221;center&#8221; onclick=&#8221;custom_link&#8221; img_link_target=&#8221;_blank&#8221; el_class=&#8221;logo-partener&#8221; link=&#8221;http:\/\/vodafone.ro\/&#8221;][\/vc_column_inner][vc_column_inner width=&#8221;1\/2&#8243;][vc_single_image image=&#8221;2591&#8243; img_size=&#8221;full&#8221; alignment=&#8221;center&#8221; onclick=&#8221;custom_link&#8221; img_link_target=&#8221;_blank&#8221; el_class=&#8221;logo-partener&#8221; link=&#8221;https:\/\/www.bcr.ro\/ro\/george-initial&#8221;][\/vc_column_inner][\/vc_row_inner][vc_row_inner enable_box_shadow=&#8221;no&#8221;][vc_column_inner width=&#8221;1\/2&#8243;][\/vc_column_inner][vc_column_inner width=&#8221;1\/2&#8243;][\/vc_column_inner][\/vc_row_inner][\/vc_column][vc_column width=&#8221;7\/12&#8243; el_class=&#8221;logo-smaller&#8221;][vc_row_inner disable_element=&#8221;yes&#8221; enable_box_shadow=&#8221;no&#8221;][vc_column_inner width=&#8221;1\/4&#8243;][vc_single_image image=&#8221;3813&#8243; img_size=&#8221;medium&#8221; alignment=&#8221;center&#8221; onclick=&#8221;custom_link&#8221; img_link_target=&#8221;_blank&#8221; el_class=&#8221;logo-partener logo-samsung&#8221; link=&#8221;https:\/\/www.samsung.ro&#8221; css=&#8221;.vc_custom_1632907864920{margin-top: 15px !important;}&#8221;][\/vc_column_inner][vc_column_inner width=&#8221;1\/4&#8243;][vc_single_image image=&#8221;2594&#8243; img_size=&#8221;full&#8221; alignment=&#8221;center&#8221; onclick=&#8221;custom_link&#8221; img_link_target=&#8221;_blank&#8221; el_class=&#8221;logo-partener logo-logitech&#8221; link=&#8221;https:\/\/www.logitech.com\/en-roeu&#8221;][\/vc_column_inner][vc_column_inner width=&#8221;1\/4&#8243;][vc_single_image image=&#8221;2592&#8243; img_size=&#8221;full&#8221; alignment=&#8221;center&#8221; onclick=&#8221;custom_link&#8221; img_link_target=&#8221;_blank&#8221; el_class=&#8221;logo-partener&#8221; link=&#8221;https:\/\/www.foodpanda.ro\/&#8221;][\/vc_column_inner][vc_column_inner width=&#8221;1\/4&#8243;][vc_single_image image=&#8221;3249&#8243; img_size=&#8221;full&#8221; alignment=&#8221;center&#8221; onclick=&#8221;custom_link&#8221; img_link_target=&#8221;_blank&#8221; el_class=&#8221;logo-partener&#8221; link=&#8221;https:\/\/www.dell.com\/ro\/intreprinderi\/p\/alienware-laptops&#8221;][\/vc_column_inner][vc_column_inner width=&#8221;1\/4&#8243;][vc_single_image image=&#8221;3913&#8243; img_size=&#8221;full&#8221; alignment=&#8221;center&#8221; onclick=&#8221;custom_link&#8221; img_link_target=&#8221;_blank&#8221; el_class=&#8221;logo-partener extra-margin&#8221; link=&#8221;https:\/\/eu.aoc.com\/en\/gaming&#8221;][\/vc_column_inner][vc_column_inner width=&#8221;1\/4&#8243;][vc_single_image image=&#8221;3821&#8243; img_size=&#8221;126&#215;41&#8243; alignment=&#8221;center&#8221; onclick=&#8221;custom_link&#8221; img_link_target=&#8221;_blank&#8221; el_class=&#8221;logo-partener maxw-140 extra-margin&#8221; link=&#8221;https:\/\/www.philips.ro\/c-m-pe\/oneblade-tuns-conturat-barbierit?origin=2_ro_ro_20q4romgoneblad_bgw___cf_awa&amp;utm_source=bgw&amp;utm_medium=affiliate&amp;utm_campaign=20q4romgoneblad&amp;utm_content=awa&amp;utm_term=0&#8243; css=&#8221;.vc_custom_1632908791672{margin-top: -4px !important;}&#8221;][\/vc_column_inner][vc_column_inner width=&#8221;1\/4&#8243;][vc_single_image image=&#8221;2593&#8243; img_size=&#8221;full&#8221; alignment=&#8221;center&#8221; onclick=&#8221;custom_link&#8221; img_link_target=&#8221;_blank&#8221; el_class=&#8221;logo-partener extra-margin&#8221; link=&#8221;https:\/\/amberstudio.com\/&#8221;][\/vc_column_inner][vc_column_inner width=&#8221;1\/4&#8243;][vc_single_image image=&#8221;3952&#8243; img_size=&#8221;full&#8221; alignment=&#8221;center&#8221; onclick=&#8221;custom_link&#8221; img_link_target=&#8221;_blank&#8221; el_class=&#8221;logo-partener logo-adidas&#8221; link=&#8221;https:\/\/www.adidas.com\/us&#8221;][\/vc_column_inner][vc_column_inner width=&#8221;1\/4&#8243;][vc_single_image image=&#8221;3960&#8243; img_size=&#8221;full&#8221; alignment=&#8221;center&#8221; onclick=&#8221;custom_link&#8221; img_link_target=&#8221;_blank&#8221; el_class=&#8221;logo-partener&#8221; link=&#8221;https:\/\/nexusclub.ro\/&#8221;][\/vc_column_inner][vc_column_inner width=&#8221;1\/4&#8243;][vc_single_image image=&#8221;3970&#8243; img_size=&#8221;full&#8221; alignment=&#8221;center&#8221; onclick=&#8221;custom_link&#8221; img_link_target=&#8221;_blank&#8221; el_class=&#8221;logo-partener&#8221; link=&#8221;https:\/\/www.digitalcrusade.ro\/&#8221;][\/vc_column_inner][\/vc_row_inner][\/vc_column][\/vc_row][vc_row disable_element=&#8221;yes&#8221; enable_box_shadow=&#8221;no&#8221;][vc_column el_class=&#8221;logo-larger&#8221;][vc_single_image image=&#8221;2481&#8243; img_size=&#8221;full&#8221; alignment=&#8221;center&#8221;][\/vc_column][\/vc_row][\/vc_section][vc_section full_width=&#8221;stretch_row&#8221; css=&#8221;.vc_custom_1659964034672{background-color: #ffffff !important;}&#8221; el_id=&#8221;parteneri-media&#8221;][vc_row enable_box_shadow=&#8221;no&#8221;][vc_column][vc_empty_space el_class=&#8221;space-2&#8243;][vc_column_text]<\/p>\n<h4 style=\"text-align: center;\">Parteneri media<\/h4>\n<p>[\/vc_column_text][vc_empty_space el_class=&#8221;space-2&#8243;][vc_images_carousel images=&#8221;4640,4641,4642,4643,4836&#8243; img_size=&#8221;medium&#8221; onclick=&#8221;link_no&#8221; hide_pagination_control=&#8221;yes&#8221; hide_prev_next_buttons=&#8221;yes&#8221; el_class=&#8221;logo-carousel&#8221;][\/vc_column][\/vc_row][\/vc_section][vc_section full_width=&#8221;stretch_row&#8221; el_class=&#8221;floatingbar-logo hide-mobile&#8221;][vc_row enable_box_shadow=&#8221;no&#8221;][vc_column][vc_images_carousel images=&#8221;2954,2955,3813,3919,2879,5013,5294,5296,5297,5369&#8243; img_size=&#8221;medium&#8221; onclick=&#8221;custom_link&#8221; custom_links_target=&#8221;_blank&#8221; hide_pagination_control=&#8221;yes&#8221; hide_prev_next_buttons=&#8221;yes&#8221; el_class=&#8221;logo-carousel&#8221; custom_links=&#8221;#E-8_aHR0cCUzQSUyRiUyRnZvZGFmb25lLnJvJTJGJTJDaHR0cHMlM0ElMkYlMkZ3d3cuYmNyLnJvJTJGcm8lMkZnZW9yZ2UtaW5pdGlhbCUyQ2h0dHBzJTNBJTJGJTJGd3d3LnNhbXN1bmcuY29tJTJGcm8lMkYlMkNodHRwcyUzQSUyRiUyRmV1LmFvYy5jb20lMkZlbiUyRmdhbWluZyUyQ2h0dHBzJTNBJTJGJTJGYW1iZXJzdHVkaW8uY29tJTJGJTJDaHR0cHMlM0ElMkYlMkZ3d3cubG9yZWFsLmNvbSUyRmVuJTJGcm9tYW5pYSUyRiUyQ2h0dHBzJTNBJTJGJTJGbWVnYW1hbGxidWN1cmVzdGkucm8lMkYlMkNodHRwcyUzQSUyRiUyRnd3dy5jaW5lbWFjaXR5LnJvJTJGJTJDaHR0cHMlM0ElMkYlMkZyb2cuYXN1cy5jb20lMkZybyUyRiUyQ2h0dHBzJTNBJTJGJTJGcm9ja3N0YXJlbmVyZ3kucm8lMkY=&#8221;][\/vc_column][\/vc_row][\/vc_section]<\/p>\n<\/div>[\/vc_column_text][\/vc_column_inner][\/vc_row_inner][\/vc_column][\/vc_row]<\/p>\n","protected":false},"excerpt":{"rendered":"<p>[vc_row enable_box_shadow=&#8221;no&#8221;][vc_column][vc_row_inner enable_box_shadow=&#8221;no&#8221;][vc_column_inner][vc_custom_heading source=&#8221;post_title&#8221; font_container=&#8221;tag:h1|text_align:left&#8221;][\/vc_column_inner][\/vc_row_inner][vc_column_text] Categorii GVA 2022 Categoriile dedicate creatorilor de con\u021binut au fost revizuite \u0219i au fost adaugate altele noi. Noile categoriile sunt: CEL MAI BUN CASTER DE ESPORTS, CEL MAI BUN STREAMER DE VARIETY, CEL MAI BUN [&hellip;]<\/p>\n","protected":false},"author":1,"featured_media":0,"parent":0,"menu_order":0,"comment_status":"closed","ping_status":"closed","template":"","meta":[],"yoast_head":"<!-- This site is optimized with the Yoast SEO plugin v16.4 - https:\/\/yoast.com\/wordpress\/plugins\/seo\/ -->\n<title>Nout\u0103\u021bi GVA 2022 - Gaming Video Awards<\/title>\n<meta name=\"robots\" content=\"index, follow, max-snippet:-1, max-image-preview:large, max-video-preview:-1\" \/>\n<link rel=\"canonical\" href=\"https:\/\/gamingvideoawards.ro\/2022\/noutati-gva-2022\/\" \/>\n<meta property=\"og:locale\" content=\"ro_RO\" \/>\n<meta property=\"og:type\" content=\"article\" \/>\n<meta property=\"og:title\" content=\"Nout\u0103\u021bi GVA 2022 - Gaming Video Awards\" \/>\n<meta property=\"og:description\" content=\"[vc_row enable_box_shadow=&#8221;no&#8221;][vc_column][vc_row_inner enable_box_shadow=&#8221;no&#8221;][vc_column_inner][vc_custom_heading source=&#8221;post_title&#8221; font_container=&#8221;tag:h1|text_align:left&#8221;][\/vc_column_inner][\/vc_row_inner][vc_column_text] Categorii GVA 2022 Categoriile dedicate creatorilor de con\u021binut au fost revizuite \u0219i au fost adaugate altele noi. Noile categoriile sunt: CEL MAI BUN CASTER DE ESPORTS, CEL MAI BUN STREAMER DE VARIETY, CEL MAI BUN [&hellip;]\" \/>\n<meta property=\"og:url\" content=\"https:\/\/gamingvideoawards.ro\/2022\/noutati-gva-2022\/\" \/>\n<meta property=\"og:site_name\" content=\"Gaming Video Awards\" \/>\n<meta property=\"article:modified_time\" content=\"2022-07-22T10:44:58+00:00\" \/>\n<meta property=\"og:image\" content=\"https:\/\/gamingvideoawards.ro\/2022\/wp-content\/uploads\/2020\/09\/banner-creator.png\" \/>\n\t<meta property=\"og:image:width\" content=\"500\" \/>\n\t<meta property=\"og:image:height\" content=\"656\" \/>\n<meta name=\"twitter:card\" content=\"summary_large_image\" \/>\n<meta name=\"twitter:label1\" content=\"Timp estimat pentru citire\" \/>\n\t<meta name=\"twitter:data1\" content=\"2 minute\" \/>\n<script type=\"application\/ld+json\" class=\"yoast-schema-graph\">{\"@context\":\"https:\/\/schema.org\",\"@graph\":[{\"@type\":\"WebSite\",\"@id\":\"https:\/\/gamingvideoawards.ro\/2022\/#website\",\"url\":\"https:\/\/gamingvideoawards.ro\/2022\/\",\"name\":\"Gaming Video Awards\",\"description\":\"\",\"potentialAction\":[{\"@type\":\"SearchAction\",\"target\":\"https:\/\/gamingvideoawards.ro\/2022\/?s={search_term_string}\",\"query-input\":\"required name=search_term_string\"}],\"inLanguage\":\"ro-RO\"},{\"@type\":\"WebPage\",\"@id\":\"https:\/\/gamingvideoawards.ro\/2022\/noutati-gva-2022\/#webpage\",\"url\":\"https:\/\/gamingvideoawards.ro\/2022\/noutati-gva-2022\/\",\"name\":\"Nout\\u0103\\u021bi GVA 2022 - Gaming Video Awards\",\"isPartOf\":{\"@id\":\"https:\/\/gamingvideoawards.ro\/2022\/#website\"},\"datePublished\":\"2022-07-10T11:58:13+00:00\",\"dateModified\":\"2022-07-22T10:44:58+00:00\",\"breadcrumb\":{\"@id\":\"https:\/\/gamingvideoawards.ro\/2022\/noutati-gva-2022\/#breadcrumb\"},\"inLanguage\":\"ro-RO\",\"potentialAction\":[{\"@type\":\"ReadAction\",\"target\":[\"https:\/\/gamingvideoawards.ro\/2022\/noutati-gva-2022\/\"]}]},{\"@type\":\"BreadcrumbList\",\"@id\":\"https:\/\/gamingvideoawards.ro\/2022\/noutati-gva-2022\/#breadcrumb\",\"itemListElement\":[{\"@type\":\"ListItem\",\"position\":1,\"item\":{\"@type\":\"WebPage\",\"@id\":\"https:\/\/gamingvideoawards.ro\/2022\/\",\"url\":\"https:\/\/gamingvideoawards.ro\/2022\/\",\"name\":\"Prima pagin\\u0103\"}},{\"@type\":\"ListItem\",\"position\":2,\"item\":{\"@id\":\"https:\/\/gamingvideoawards.ro\/2022\/noutati-gva-2022\/#webpage\"}}]}]}<\/script>\n<!-- \/ Yoast SEO plugin. -->","_links":{"self":[{"href":"https:\/\/gamingvideoawards.ro\/2022\/wp-json\/wp\/v2\/pages\/4193"}],"collection":[{"href":"https:\/\/gamingvideoawards.ro\/2022\/wp-json\/wp\/v2\/pages"}],"about":[{"href":"https:\/\/gamingvideoawards.ro\/2022\/wp-json\/wp\/v2\/types\/page"}],"author":[{"embeddable":true,"href":"https:\/\/gamingvideoawards.ro\/2022\/wp-json\/wp\/v2\/users\/1"}],"replies":[{"embeddable":true,"href":"https:\/\/gamingvideoawards.ro\/2022\/wp-json\/wp\/v2\/comments?post=4193"}],"version-history":[{"count":4,"href":"https:\/\/gamingvideoawards.ro\/2022\/wp-json\/wp\/v2\/pages\/4193\/revisions"}],"predecessor-version":[{"id":4352,"href":"https:\/\/gamingvideoawards.ro\/2022\/wp-json\/wp\/v2\/pages\/4193\/revisions\/4352"}],"wp:attachment":[{"href":"https:\/\/gamingvideoawards.ro\/2022\/wp-json\/wp\/v2\/media?parent=4193"}],"curies":[{"name":"wp","href":"https:\/\/api.w.org\/{rel}","templated":true}]}}