{"id":238,"date":"2020-09-01T14:37:11","date_gmt":"2020-09-01T14:37:11","guid":{"rendered":"https:\/\/gamingvideoawards.ro\/2024\/?page_id=238"},"modified":"2024-10-08T11:19:21","modified_gmt":"2024-10-08T08:19:21","slug":"_inscrie-te","status":"publish","type":"page","link":"https:\/\/gamingvideoawards.ro\/2024\/_inscrie-te\/","title":{"rendered":"_inscrie-te"},"content":{"rendered":"<p>[vc_section disable_element=&#8221;yes&#8221; el_class=&#8221;s-inscrieri&#8221;][vc_row enable_box_shadow=&#8221;no&#8221;][vc_column][vc_row_inner enable_box_shadow=&#8221;no&#8221;][vc_column_inner width=&#8221;1\/2&#8243;][vc_column_text]<\/p>\n<h3>\u00censcrie video!<\/h3>\n<div class=\"ow_vote_add_contestants\">\n\t\t\t\t\t<div class=\"ow_loader_image\">\n            <img src=\"https:\/\/gamingvideoawards.ro\/2024\/wp-content\/plugins\/wp-voting-contest\/assets\/image\/\/fancy\/fancy_loader.gif\"\/>\n\t\t\t    <\/div>\n\t\t\t\t\t\t\t<div class=\"ow_vote_contest_top_bar\">\n\t\t\t\t\t<ul class=\"ow_vote_menu_links\">\n\t\t\t\t\t\t\t\t\t\t\t\t<li class=\"ow_vote_no_border\">\n\t\t\t\t\t\t\t<a class=\"ow_vote_navmenu_link loggin_disabled ow_vote_submit_entry\" data-id=\"\">\n\t\t\t\t\t\t\t\t<span class=\"ow_vote_icons voteconestant-edit\" aria-hidden=\"true\"><\/span>\n\t\t\t\t\t\t\t\tSubmit Entry\t\t\t\t\t\t\t<\/a>\n\t\t\t\t\t\t\t<input type=\"hidden\" name=\"open_button_text\" class=\"open_btn_text\"\n\t\t\t\t\t\t\t\tvalue=\"<span class='ow_vote_icons voteconestant-edit' aria-hidden='true'><\/span>\n\t\t\t\t\t\t\t\t\t   Submit Entry\"\/>\n\t\t\t\t\t\t\t<input type=\"hidden\" name=\"close_button_text\"  class=\"close_btn_text\"\n\t\t\t\t\t\t\t\t\t\t\t\t\t\t\tvalue=\"Close\"\/>\n\t\t\t\t\t\t<\/li>\t\t\t\t\t\t\n\t\t\t\t\t\n\t\t\t\t\t<\/ul>\n\t\t\t\t<\/div>\n\t\t\t\t\t\t\n\t\t\t\t\t\t\n\t\t\t<script>\n\t\t\tjQuery(document).ready(function(){\n\t\t\t\tadd_contestant_validation(\"\",\"Numele este obligatoriu\"); \n\t\t\t\tadd_contestant_validation_method(\"ow_select_term\",\"Select the Contest Category\");\n\t\t\t});\n\t\t\t<\/script>\n\t\t\t\n\t\t\t\t\t\t\n\t\t\t\n\t\t\t<form style=\"display: block;\" class=\"cat_not_selected ow_form_add-contestants add_form_contestant_ow_vote\" name=\"add-contestants\" action=\"https:\/\/gamingvideoawards.ro\/2024\/_inscrie-te\/\" method=\"post\" enctype=\"multipart\/form-data\">\n\t\t\t\t\n               \n\t\t\t\t\n\t\t\t\t<div class=\"ow_add_contestants_row\">\n\t\t\t\t\t<div class=\"ow_add_contestants_label\">\n\t\t\t\t\t\t<label>Selecteaz\u0103 categoria  <span class=\"required-mark\">*<\/span><\/label>\n\t\t\t\t\t<\/div>\n\t\t\t\t\t<div class=\"ow_add_contestants_field\">\n\t\t\t\t\t\t<select name=\"ow_select_term\" id=\"ow_select_term\">\n\t\t\t\t\t\t\t<option value=\"\">Selecteaz\u0103 categoria<\/option>\n\t\t\t\t\t\t\t\t\t\t\t\t\t<\/select>\t\t\t\t\t\t\n\t\t\t\t\t<\/div>\n\t\t\t\t<\/div>\n\t\t\t\t\n\t\t\t\t\n                                \n\t\t\t\n\t\t\t\t<div class=\"ow_add_contestants_row\">\n\t\t\t\t\t<div class=\"ow_add_contestants_label\">\n\t\t\t\t\t\t<label>Nume creator de con\u021binut  <span class=\"required-mark\">*<\/span><\/label>\n\t\t\t\t\t<\/div>\n\t\t\t\t\t<div class=\"ow_add_contestants_field\">\n\t\t\t\t\t\t<input type=\"text\" id=\"contestant-title\" name=\"contestant-title\" value=\"\"\/>\n\t\t\t\t\t\t\n\t\t\t\t\t\t\t\t\t\t\t\t\n\t\t\t\t\t<\/div>\n\t\t\t\t<\/div>\n\t\t\t\t\n\t\t\t\t                \n            <div class=\"custom_fields_cat_addcontest\">\n                    \n            <\/div>\t\t\t\t\t\n\t\t\t\n            <div class=\"ow_add_contestants_row\">\n    \t\t\t\t<div class=\"ow_contestants-label\">\n    \t\t\t\t\t\n    \t\t\t\t<\/div>\n    \t\t\t\t<div class=\"ow_contestants-field\">\n    \t\t\t\t\t<input type=\"hidden\" id=\"contestantform\"  name=\"contestantform\" value=\"\"\/>\n    \t\t\t\t\t<input type=\"submit\" id=\"savecontestant\" name=\"savecontestant\" class=\"savecontestant savecontest\" value=\"\u00censcrie-te\"\/>\n    \t\t\t\t<\/div>\n    \t\t<\/div>\n    \n                \t\t<input type=\"hidden\" name=\"contest-id\" id=\"contest-id\" value=\"\"\/>\t\t\n\t\t\t\n\t\t\t\t\t\n\t\t\t<\/form>\n      <script>\n        jQuery(document).ready(function(){\n            jQuery(\".ow_form_add-contestants\").submit(function (evt){\n              if (jQuery('.ow_open_login_form').val() == 1) {\n                  jQuery('.ow_form_add-contestants input').each(function (i) {\n                      if(jQuery(this).hasClass('error')){\n                        valid = false;\n                        return false;\n                      }\n                      else{\n                        valid = true;\n                      }\n                  });\n                if (valid == false) {\n                  return false;\n                }\n                else{\n                  valid = true;\n                      \/\/Check the form is open or not logged in\n                      if (valid != false) {\n                          window.contest_id = \"\";\n                          ow_vote_ppOpen('#ow_vote_login_panel', '300',1);\n                          \/\/Tab in the Login Popup\n                          jQuery('.ow_tabs_login_content').show();\n                          jQuery('.ow_tabs_register_content').hide();\n                          jQuery( '.ow_tabs_login' ).addClass('active');\n                          evt.preventDefault();\n                          return false;\n                      }\n                }\n              }\n          });\n        });\n      <\/script>\n\t\t<\/div>\n\t\t[\/vc_column_text][\/vc_column_inner][vc_column_inner width=&#8221;1\/2&#8243; offset=&#8221;vc_col-md-offset-1 vc_col-md-5&#8243;][vc_empty_space height=&#8221;0&#8243; css=&#8221;.vc_custom_1689849939580{margin-top: -44px !important;}&#8221;][vc_column_text]<div data-post-id='4106' class='insert-page insert-page-4106 '><style type=\"text\/css\" data-type=\"vc_custom-css\">body:not(.page-id-14) #cum_se_desfasoara .wpb_column {\r\n    min-width: 100%;\r\n}<\/style><p>[vc_section][vc_row enable_box_shadow=&#8221;no&#8221;][vc_column][vc_row_inner enable_box_shadow=&#8221;no&#8221;][vc_column_inner][vc_empty_space el_class=&#8221;space-1&#8243;][vc_column_text]<\/p>\n<h3>Cum se desf\u0103\u0219oar\u0103 Gaming Video Awards 2024?<\/h3>\n<p>[\/vc_column_text][\/vc_column_inner][\/vc_row_inner][vc_row_inner enable_box_shadow=&#8221;no&#8221; el_id=&#8221;cum_se_desfasoara&#8221;][vc_column_inner width=&#8221;1\/2&#8243;][vc_column_text]<\/p>\n<h5 class=\"etapa\"><span class=\"first-title\">Etapa 1: \u00censcrierile<\/span><br \/>\n1 august \u2013 22 septembrie [\u00censcrierile se prelungesc p\u00e2n\u0103 pe 30 septembrie]<\/h5>\n<p><span style=\"font-weight: 400;\">E\u0219ti un creator de con\u021binut \u0219i crezi c\u0103 ai \u0219anse la una din categoriile Gaming Video Awards? \u00cen etapa asta \u00ee\u021bi po\u021bi \u00eenscrie acel video de nota 10 (YouTube, Twitch, TikTok) \u00een care excelezi la categoria aleas\u0103.<\/span><\/p>\n<p><span style=\"font-weight: 400;\">Dac\u0103 e\u0219ti fanul unui streamer, nominalizeaz\u0103-l cu video-ul (YouTube, Twitch. TikTok) pe care \u00eel consideri cel mai bun la categoria potrivit\u0103.<\/span><\/p>\n<p><span style=\"font-weight: 400;\">Dac\u0103 e\u0219ti reprezentantul unui brand sau agen\u021bie de PR sau publicitate care a realizat o campanie cu tematic\u0103 de gaming po\u021bi \u00eenscrie proiectul (study case \u0219i video rezultat) la categoria specific\u0103.<\/span><\/p>\n<h5 class=\"etapa\"><span class=\"first-title\">Etapa 2: Votul publicului<\/span><br \/>\n10 octombrie \u2013 6 noiembrie<\/h5>\n<p><span style=\"font-weight: 400;\">\u00cen perioada aceasta po\u021bi vota creatorul de con\u021binut preferat la categroiile Legendary Content Creator \u0219i Short Video of the Year.<\/span><\/p>\n<p><span style=\"font-weight: 400;\">Celelalte categorii dedicate streamerilor vor fi notate direct de juriu.\u00a0<\/span><\/p>\n<p><span style=\"font-weight: 400;\">Campaniile \u00eenscrise la categoriile dedicate brandurilor nu vor fi supuse votului publicului.<\/span>[\/vc_column_text][\/vc_column_inner][vc_column_inner width=&#8221;1\/2&#8243;][vc_column_text]<\/p>\n<h5 class=\"etapa\"><span class=\"first-title\">Etapa 3: Votul juriului<\/span><br \/>\n3 octombrie \u2013 31 octombrie<\/h5>\n<p><span style=\"font-weight: 400;\">Acum intr\u0103 \u00een joc jura\u021bii, care vor analiza cu aten\u021bie, \u00een func\u021bie de regulament \u0219i criterii, toate nominaliz\u0103rile \u0219i vor decide cine merit\u0103 s\u0103 c\u00e2\u0219tige! Astfel, toate \u00eenscrierile vor trece printr-un filtru profesionist \u0219i vor fi judecate ferm de speciali\u0219ti din gaming, produc\u021bie video, marketing \u0219i comunicare. Vezi <a href=\"https:\/\/gamingvideoawards.ro\/2024\/juriul\/\">aici<\/a> componen\u021ba juriului.<\/span><\/p>\n<h5 class=\"etapa\"><span class=\"first-title\">Etapa 4: Gala de decernare a premiilor<\/span><br \/>\n12 Noiembrie<\/h5>\n<p>Gala de anun\u021bare a c\u00e2\u0219tig\u0103torilor va avea loc \u00een noiembrie 2024, \u00een cadrul unui eveniment offline care va fi anun\u021bat pe canalele de social media ale evenimentului \u0219i va putea fi urm\u0103rit \u0219i live pe site-ul <a class=\"desc-cond\" href=\"https:\/\/gamingvideoawards.ro\/2024\">www.gamingvideoawards.ro<\/a>. Urm\u0103ri\u021bi pentru a vedea primii dac\u0103 preferatul vostru a trecut de selec\u021bia riguroas\u0103 a juriului.<\/p>\n<p>\u0218i, chiar dac\u0103 mai exist\u0103 \u0219i pierz\u0103tori, e important s\u0103 ne amintim c\u0103, la finalul zilei, cu to\u021bii avem o pasiune care ne leag\u0103: gaming-ul![\/vc_column_text][\/vc_column_inner][\/vc_row_inner][\/vc_column][\/vc_row][\/vc_section]<\/p>\n<\/div>[\/vc_column_text][\/vc_column_inner][\/vc_row_inner][\/vc_column][\/vc_row][\/vc_section][vc_section disable_element=&#8221;yes&#8221; el_class=&#8221;s-inscrieri&#8221;][vc_row enable_box_shadow=&#8221;no&#8221;][vc_column][vc_row_inner enable_box_shadow=&#8221;no&#8221;][vc_column_inner width=&#8221;1\/2&#8243;][vc_column_text]<\/p>\n<h3>\u00censcrie video!<\/h3>\n<p>\u00censcrierile \u00eencep pe 1 august[\/vc_column_text][\/vc_column_inner][vc_column_inner width=&#8221;1\/2&#8243; offset=&#8221;vc_col-md-offset-1 vc_col-md-5&#8243;][vc_empty_space height=&#8221;0&#8243; css=&#8221;.vc_custom_1689849947484{margin-top: -44px !important;}&#8221;][vc_column_text][\/vc_column_text][\/vc_column_inner][\/vc_row_inner][\/vc_column][\/vc_row][\/vc_section][vc_section disable_element=&#8221;yes&#8221; el_class=&#8221;s-inscrieri&#8221;][vc_row enable_box_shadow=&#8221;no&#8221;][vc_column][vc_row_inner enable_box_shadow=&#8221;no&#8221;][vc_column_inner width=&#8221;1\/2&#8243;][vc_column_text]<\/p>\n<h3>\u00censcrie video!<\/h3>\n<p>\u00censcrierile s-au \u00eencheiat.[\/vc_column_text][\/vc_column_inner][vc_column_inner width=&#8221;1\/2&#8243; offset=&#8221;vc_col-md-offset-1 vc_col-md-5&#8243;][vc_empty_space height=&#8221;0&#8243; css=&#8221;.vc_custom_1689849947484{margin-top: -44px !important;}&#8221;][vc_column_text][\/vc_column_text][\/vc_column_inner][\/vc_row_inner][\/vc_column][\/vc_row][\/vc_section][vc_section el_class=&#8221;s-inscrieri&#8221;][vc_row enable_box_shadow=&#8221;no&#8221;][vc_column][vc_row_inner enable_box_shadow=&#8221;no&#8221;][vc_column_inner width=&#8221;1\/4&#8243;][\/vc_column_inner][vc_column_inner width=&#8221;1\/2&#8243;][vc_empty_space height=&#8221;0&#8243; css=&#8221;.vc_custom_1689849947484{margin-top: -44px !important;}&#8221;][vc_column_text][\/vc_column_text][\/vc_column_inner][vc_column_inner width=&#8221;1\/4&#8243;][\/vc_column_inner][\/vc_row_inner][\/vc_column][\/vc_row][\/vc_section]<\/p>\n","protected":false},"excerpt":{"rendered":"<p>[vc_section disable_element=&#8221;yes&#8221; el_class=&#8221;s-inscrieri&#8221;][vc_row enable_box_shadow=&#8221;no&#8221;][vc_column][vc_row_inner enable_box_shadow=&#8221;no&#8221;][vc_column_inner width=&#8221;1\/2&#8243;][vc_column_text] \u00censcrie video! [\/vc_column_text][\/vc_column_inner][vc_column_inner width=&#8221;1\/2&#8243; offset=&#8221;vc_col-md-offset-1 vc_col-md-5&#8243;][vc_empty_space height=&#8221;0&#8243; css=&#8221;.vc_custom_1689849939580{margin-top: -44px !important;}&#8221;][vc_column_text][\/vc_column_text][\/vc_column_inner][\/vc_row_inner][\/vc_column][\/vc_row][\/vc_section][vc_section disable_element=&#8221;yes&#8221; el_class=&#8221;s-inscrieri&#8221;][vc_row enable_box_shadow=&#8221;no&#8221;][vc_column][vc_row_inner enable_box_shadow=&#8221;no&#8221;][vc_column_inner width=&#8221;1\/2&#8243;][vc_column_text] \u00censcrie video! \u00censcrierile \u00eencep pe 1 august[\/vc_column_text][\/vc_column_inner][vc_column_inner width=&#8221;1\/2&#8243; offset=&#8221;vc_col-md-offset-1 vc_col-md-5&#8243;][vc_empty_space height=&#8221;0&#8243; css=&#8221;.vc_custom_1689849947484{margin-top: -44px !important;}&#8221;][vc_column_text][\/vc_column_text][\/vc_column_inner][\/vc_row_inner][\/vc_column][\/vc_row][\/vc_section][vc_section disable_element=&#8221;yes&#8221; el_class=&#8221;s-inscrieri&#8221;][vc_row enable_box_shadow=&#8221;no&#8221;][vc_column][vc_row_inner enable_box_shadow=&#8221;no&#8221;][vc_column_inner width=&#8221;1\/2&#8243;][vc_column_text] [&hellip;]<\/p>\n","protected":false},"author":1,"featured_media":0,"parent":0,"menu_order":14,"comment_status":"closed","ping_status":"closed","template":"","meta":[],"acf":[],"yoast_head":"<!-- This site is optimized with the Yoast SEO plugin v16.4 - https:\/\/yoast.com\/wordpress\/plugins\/seo\/ -->\n<title>_inscrie-te - Gaming Video Awards 2024<\/title>\n<meta name=\"robots\" content=\"index, follow, max-snippet:-1, max-image-preview:large, max-video-preview:-1\" \/>\n<link rel=\"canonical\" href=\"https:\/\/gamingvideoawards.ro\/2024\/_inscrie-te\/\" \/>\n<meta property=\"og:locale\" content=\"ro_RO\" \/>\n<meta property=\"og:type\" content=\"article\" \/>\n<meta property=\"og:title\" content=\"_inscrie-te - Gaming Video Awards 2024\" \/>\n<meta property=\"og:description\" content=\"[vc_section disable_element=&#8221;yes&#8221; el_class=&#8221;s-inscrieri&#8221;][vc_row enable_box_shadow=&#8221;no&#8221;][vc_column][vc_row_inner enable_box_shadow=&#8221;no&#8221;][vc_column_inner width=&#8221;1\/2&#8243;][vc_column_text] \u00censcrie video! [\/vc_column_text][\/vc_column_inner][vc_column_inner width=&#8221;1\/2&#8243; offset=&#8221;vc_col-md-offset-1 vc_col-md-5&#8243;][vc_empty_space height=&#8221;0&#8243; css=&#8221;.vc_custom_1689849939580{margin-top: -44px !important;}&#8221;][vc_column_text][\/vc_column_text][\/vc_column_inner][\/vc_row_inner][\/vc_column][\/vc_row][\/vc_section][vc_section disable_element=&#8221;yes&#8221; el_class=&#8221;s-inscrieri&#8221;][vc_row enable_box_shadow=&#8221;no&#8221;][vc_column][vc_row_inner enable_box_shadow=&#8221;no&#8221;][vc_column_inner width=&#8221;1\/2&#8243;][vc_column_text] \u00censcrie video! \u00censcrierile \u00eencep pe 1 august[\/vc_column_text][\/vc_column_inner][vc_column_inner width=&#8221;1\/2&#8243; offset=&#8221;vc_col-md-offset-1 vc_col-md-5&#8243;][vc_empty_space height=&#8221;0&#8243; css=&#8221;.vc_custom_1689849947484{margin-top: -44px !important;}&#8221;][vc_column_text][\/vc_column_text][\/vc_column_inner][\/vc_row_inner][\/vc_column][\/vc_row][\/vc_section][vc_section disable_element=&#8221;yes&#8221; el_class=&#8221;s-inscrieri&#8221;][vc_row enable_box_shadow=&#8221;no&#8221;][vc_column][vc_row_inner enable_box_shadow=&#8221;no&#8221;][vc_column_inner width=&#8221;1\/2&#8243;][vc_column_text] [&hellip;]\" \/>\n<meta property=\"og:url\" content=\"https:\/\/gamingvideoawards.ro\/2024\/_inscrie-te\/\" \/>\n<meta property=\"og:site_name\" content=\"Gaming Video Awards 2024\" \/>\n<meta property=\"article:modified_time\" content=\"2024-10-08T08:19:21+00:00\" \/>\n<meta property=\"og:image\" content=\"https:\/\/gamingvideoawards.ro\/2024\/wp-content\/uploads\/2024\/08\/home-hero-logo@2x.png\" \/>\n\t<meta property=\"og:image:width\" content=\"1072\" \/>\n\t<meta property=\"og:image:height\" content=\"581\" \/>\n<meta name=\"twitter:card\" content=\"summary_large_image\" \/>\n<meta name=\"twitter:label1\" content=\"Timp estimat pentru citire\" \/>\n\t<meta name=\"twitter:data1\" content=\"1 minut\" \/>\n<script type=\"application\/ld+json\" class=\"yoast-schema-graph\">{\"@context\":\"https:\/\/schema.org\",\"@graph\":[{\"@type\":\"WebSite\",\"@id\":\"https:\/\/gamingvideoawards.ro\/2024\/#website\",\"url\":\"https:\/\/gamingvideoawards.ro\/2024\/\",\"name\":\"Gaming Video Awards 2024\",\"description\":\"\",\"potentialAction\":[{\"@type\":\"SearchAction\",\"target\":\"https:\/\/gamingvideoawards.ro\/2024\/?s={search_term_string}\",\"query-input\":\"required name=search_term_string\"}],\"inLanguage\":\"ro-RO\"},{\"@type\":\"WebPage\",\"@id\":\"https:\/\/gamingvideoawards.ro\/2024\/_inscrie-te\/#webpage\",\"url\":\"https:\/\/gamingvideoawards.ro\/2024\/_inscrie-te\/\",\"name\":\"_inscrie-te - Gaming Video Awards 2024\",\"isPartOf\":{\"@id\":\"https:\/\/gamingvideoawards.ro\/2024\/#website\"},\"datePublished\":\"2020-09-01T14:37:11+00:00\",\"dateModified\":\"2024-10-08T08:19:21+00:00\",\"breadcrumb\":{\"@id\":\"https:\/\/gamingvideoawards.ro\/2024\/_inscrie-te\/#breadcrumb\"},\"inLanguage\":\"ro-RO\",\"potentialAction\":[{\"@type\":\"ReadAction\",\"target\":[\"https:\/\/gamingvideoawards.ro\/2024\/_inscrie-te\/\"]}]},{\"@type\":\"BreadcrumbList\",\"@id\":\"https:\/\/gamingvideoawards.ro\/2024\/_inscrie-te\/#breadcrumb\",\"itemListElement\":[{\"@type\":\"ListItem\",\"position\":1,\"item\":{\"@type\":\"WebPage\",\"@id\":\"https:\/\/gamingvideoawards.ro\/2024\/\",\"url\":\"https:\/\/gamingvideoawards.ro\/2024\/\",\"name\":\"Prima pagin\\u0103\"}},{\"@type\":\"ListItem\",\"position\":2,\"item\":{\"@id\":\"https:\/\/gamingvideoawards.ro\/2024\/_inscrie-te\/#webpage\"}}]}]}<\/script>\n<!-- \/ Yoast SEO plugin. -->","_links":{"self":[{"href":"https:\/\/gamingvideoawards.ro\/2024\/wp-json\/wp\/v2\/pages\/238"}],"collection":[{"href":"https:\/\/gamingvideoawards.ro\/2024\/wp-json\/wp\/v2\/pages"}],"about":[{"href":"https:\/\/gamingvideoawards.ro\/2024\/wp-json\/wp\/v2\/types\/page"}],"author":[{"embeddable":true,"href":"https:\/\/gamingvideoawards.ro\/2024\/wp-json\/wp\/v2\/users\/1"}],"replies":[{"embeddable":true,"href":"https:\/\/gamingvideoawards.ro\/2024\/wp-json\/wp\/v2\/comments?post=238"}],"version-history":[{"count":58,"href":"https:\/\/gamingvideoawards.ro\/2024\/wp-json\/wp\/v2\/pages\/238\/revisions"}],"predecessor-version":[{"id":8435,"href":"https:\/\/gamingvideoawards.ro\/2024\/wp-json\/wp\/v2\/pages\/238\/revisions\/8435"}],"wp:attachment":[{"href":"https:\/\/gamingvideoawards.ro\/2024\/wp-json\/wp\/v2\/media?parent=238"}],"curies":[{"name":"wp","href":"https:\/\/api.w.org\/{rel}","templated":true}]}}