{"id":3977,"date":"2021-10-07T15:37:49","date_gmt":"2021-10-07T12:37:49","guid":{"rendered":"https:\/\/gamingvideoawards.ro\/2024\/?page_id=3977"},"modified":"2024-11-13T16:29:25","modified_gmt":"2024-11-13T14:29:25","slug":"gaming-communicator-of-the-year","status":"publish","type":"page","link":"https:\/\/gamingvideoawards.ro\/2024\/categorii-de-concurs\/gaming-communicator-of-the-year\/","title":{"rendered":"Gaming Communicator of the Year"},"content":{"rendered":"<p>[vc_section full_width=&#8221;stretch_row&#8221; el_class=&#8221;page-header&#8221;][vc_row enable_box_shadow=&#8221;no&#8221; el_class=&#8221;page-header-block&#8221;][vc_column][vc_row_inner enable_box_shadow=&#8221;no&#8221; el_class=&#8221;page-header-block-inner&#8221;][vc_column_inner el_class=&#8221;page-header-col-heading&#8221; offset=&#8221;vc_col-lg-8&#8243;][vc_custom_heading source=&#8221;post_title&#8221; font_container=&#8221;tag:h1|text_align:left&#8221; use_theme_fonts=&#8221;yes&#8221;][\/vc_column_inner][vc_column_inner offset=&#8221;vc_col-lg-4 vc_col-md-12&#8243;][vc_column_text][\/vc_column_text][\/vc_column_inner][\/vc_row_inner][\/vc_column][\/vc_row][vc_row enable_box_shadow=&#8221;no&#8221; el_class=&#8221;page-header-block&#8221;][vc_column][vc_row_inner enable_box_shadow=&#8221;no&#8221; el_class=&#8221;page-header-block-inner&#8221;][vc_column_inner el_class=&#8221;page-header-col-description&#8221; width=&#8221;7\/12&#8243;][vc_column_text]Brandul a c\u0103rei campanie (campanii) ob\u021bine cel mai mare punctaj \u00een urma juriz\u0103rii nominaliz\u0103rilor de la cele trei categorii ( Cea mai bun\u0103 campanie de comunicare a unui brand prin evenimente speciale de gaming, Cea mai bun\u0103 campanie de comunicare cu creatori de con\u021binut, Cea mai bun\u0103 campanie cu con\u021binut de gaming) va fi desemnat Gaming Communicator of The Year.[\/vc_column_text][\/vc_column_inner][vc_column_inner el_class=&#8221;page-header-col-criterii&#8221; width=&#8221;5\/12&#8243;][vc_column_text][\/vc_column_text][\/vc_column_inner][\/vc_row_inner][\/vc_column][\/vc_row][\/vc_section][vc_row content_placement=&#8221;top&#8221; enable_box_shadow=&#8221;no&#8221; el_class=&#8221;winner-block&#8221;][vc_column width=&#8221;1\/2&#8243;][vc_column_text]<\/p>\n<h3>Gaming Communicator of the Year<\/h3>\n<p>[\/vc_column_text][vc_empty_space height=&#8221;50px&#8221;]<div class=\"edgtf-single-image-holder   \">\n    <div class=\"edgtf-si-inner\" >\n                                    <img width=\"300\" height=\"80\" src=\"https:\/\/gamingvideoawards.ro\/2024\/wp-content\/uploads\/2024\/11\/vodafone-2-300x80.png\" class=\"attachment-medium size-medium\" alt=\"\" loading=\"lazy\" srcset=\"https:\/\/gamingvideoawards.ro\/2024\/wp-content\/uploads\/2024\/11\/vodafone-2-300x80.png 300w, https:\/\/gamingvideoawards.ro\/2024\/wp-content\/uploads\/2024\/11\/vodafone-2.png 600w\" sizes=\"(max-width: 300px) 100vw, 300px\" \/>                        <\/div>\n<\/div>[vc_empty_space height=&#8221;50px&#8221;][\/vc_column][vc_column width=&#8221;1\/2&#8243;][vc_column_text]<\/p>\n<h3>Agen\u021bia Anului<\/h3>\n<p>[\/vc_column_text][vc_empty_space height=&#8221;50px&#8221;]<div class=\"edgtf-single-image-holder   \">\n    <div class=\"edgtf-si-inner\" >\n                                    <img width=\"300\" height=\"92\" src=\"https:\/\/gamingvideoawards.ro\/2024\/wp-content\/uploads\/2024\/11\/Oxygen_Logo_Color-300x92.png\" class=\"attachment-medium size-medium\" alt=\"\" loading=\"lazy\" srcset=\"https:\/\/gamingvideoawards.ro\/2024\/wp-content\/uploads\/2024\/11\/Oxygen_Logo_Color-300x92.png 300w, https:\/\/gamingvideoawards.ro\/2024\/wp-content\/uploads\/2024\/11\/Oxygen_Logo_Color-1024x316.png 1024w, https:\/\/gamingvideoawards.ro\/2024\/wp-content\/uploads\/2024\/11\/Oxygen_Logo_Color-768x237.png 768w, https:\/\/gamingvideoawards.ro\/2024\/wp-content\/uploads\/2024\/11\/Oxygen_Logo_Color.png 1084w\" sizes=\"(max-width: 300px) 100vw, 300px\" \/>                        <\/div>\n<\/div>[vc_empty_space height=&#8221;50px&#8221;][\/vc_column][\/vc_row][vc_row enable_box_shadow=&#8221;no&#8221;][vc_column][vc_empty_space height=&#8221;50px&#8221;][vc_column_text]<div data-post-id='2224' class='insert-page insert-page-2224 '><style type=\"text\/css\" data-type=\"vc_shortcodes-custom-css\">.vc_custom_1623159510130{background-color: #ffffff !important;}.vc_custom_1659964034672{background-color: #ffffff !important;}.vc_custom_1659964034672{background-color: #ffffff !important;}.vc_custom_1657709719765{margin-top: -15px !important;}.vc_custom_1727451200334{margin-top: -15px !important;}.vc_custom_1730349747487{margin-top: -15px !important;}.vc_custom_1727451217849{margin-top: -15px !important;}.vc_custom_1727451248188{margin-top: -15px !important;}.vc_custom_1727451279799{margin-top: -15px !important;}.vc_custom_1730904114080{margin-top: -15px !important;}.vc_custom_1730349887373{margin-top: -15px !important;}.vc_custom_1699481140496{margin-top: -15px !important;}.vc_custom_1730490111710{margin-top: -15px !important;}.vc_custom_1730490108170{margin-top: -15px !important;}.vc_custom_1632907864920{margin-top: 15px !important;}.vc_custom_1632908791672{margin-top: -4px !important;}<\/style><p>[vc_section full_width=&#8221;stretch_row&#8221; css=&#8221;.vc_custom_1623159510130{background-color: #ffffff !important;}&#8221;][vc_row enable_box_shadow=&#8221;no&#8221;][vc_column][vc_row_inner enable_box_shadow=&#8221;no&#8221;][vc_column_inner width=&#8221;5\/6&#8243; offset=&#8221;vc_col-md-offset-2 vc_col-md-8 vc_col-sm-offset-2&#8243;][vc_column_text]<\/p>\n<h4 style=\"text-align: center;\">Parteneri<\/h4>\n<p>[\/vc_column_text][vc_empty_space el_class=&#8221;space-2&#8243;][\/vc_column_inner][\/vc_row_inner][\/vc_column][\/vc_row][vc_row enable_box_shadow=&#8221;no&#8221; el_class=&#8221;logos-parteneri&#8221;][vc_column el_class=&#8221;logo-larger&#8221;][vc_row_inner equal_height=&#8221;yes&#8221; enable_box_shadow=&#8221;no&#8221;][vc_column_inner width=&#8221;1\/5&#8243;][vc_single_image image=&#8221;8609&#8243; img_size=&#8221;full&#8221; alignment=&#8221;center&#8221; onclick=&#8221;custom_link&#8221; img_link_target=&#8221;_blank&#8221; el_class=&#8221;logo-partener&#8221; link=&#8221;https:\/\/www.vodafone.ro\/&#8221;][\/vc_column_inner][vc_column_inner width=&#8221;1\/5&#8243;][vc_single_image image=&#8221;2591&#8243; img_size=&#8221;full&#8221; alignment=&#8221;center&#8221; onclick=&#8221;custom_link&#8221; img_link_target=&#8221;_blank&#8221; el_class=&#8221;logo-partener&#8221; link=&#8221;https:\/\/www.bcr.ro\/ro\/george-initial&#8221;][\/vc_column_inner][vc_column_inner width=&#8221;1\/5&#8243;][vc_single_image image=&#8221;8243&#8243; img_size=&#8221;full&#8221; alignment=&#8221;center&#8221; onclick=&#8221;custom_link&#8221; img_link_target=&#8221;_blank&#8221; el_class=&#8221;logo-partener&#8221; link=&#8221;https:\/\/player00.heineken.com\/&#8221;][\/vc_column_inner][vc_column_inner width=&#8221;1\/5&#8243;][vc_single_image image=&#8221;7050&#8243; img_size=&#8221;medium&#8221; alignment=&#8221;center&#8221; onclick=&#8221;custom_link&#8221; img_link_target=&#8221;_blank&#8221; el_class=&#8221;logo-partener logo-samsung&#8221; link=&#8221;https:\/\/oldspice.com\/&#8221;][\/vc_column_inner][vc_column_inner width=&#8221;1\/5&#8243;][vc_single_image image=&#8221;4267&#8243; img_size=&#8221;medium&#8221; alignment=&#8221;center&#8221; onclick=&#8221;custom_link&#8221; img_link_target=&#8221;_blank&#8221; el_class=&#8221;logo-partener logo-samsung&#8221; link=&#8221;https:\/\/eu.aoc.com\/en\/gaming&#8221; css=&#8221;.vc_custom_1657709719765{margin-top: -15px !important;}&#8221;][\/vc_column_inner][vc_column_inner width=&#8221;1\/5&#8243;][vc_single_image image=&#8221;8244&#8243; img_size=&#8221;medium&#8221; alignment=&#8221;center&#8221; onclick=&#8221;custom_link&#8221; img_link_target=&#8221;_blank&#8221; el_class=&#8221;logo-partener logo-samsung&#8221; link=&#8221;https:\/\/www.youtil.ro\/brand\/head-and-shoulders&#8221; css=&#8221;.vc_custom_1727451200334{margin-top: -15px !important;}&#8221;][\/vc_column_inner][vc_column_inner width=&#8221;1\/5&#8243;][vc_single_image image=&#8221;8535&#8243; img_size=&#8221;medium&#8221; alignment=&#8221;center&#8221; onclick=&#8221;custom_link&#8221; img_link_target=&#8221;_blank&#8221; el_class=&#8221;logo-partener logo-samsung&#8221; link=&#8221;https:\/\/carrefour.ro\/&#8221; css=&#8221;.vc_custom_1730349747487{margin-top: -15px !important;}&#8221;][\/vc_column_inner][vc_column_inner width=&#8221;1\/5&#8243;][vc_single_image image=&#8221;8245&#8243; img_size=&#8221;medium&#8221; alignment=&#8221;center&#8221; onclick=&#8221;custom_link&#8221; img_link_target=&#8221;_blank&#8221; el_class=&#8221;logo-partener logo-samsung&#8221; link=&#8221;https:\/\/row.hyperx.com\/&#8221; css=&#8221;.vc_custom_1727451217849{margin-top: -15px !important;}&#8221;][\/vc_column_inner][vc_column_inner width=&#8221;1\/5&#8243;][vc_single_image image=&#8221;5297&#8243; img_size=&#8221;medium&#8221; alignment=&#8221;center&#8221; onclick=&#8221;custom_link&#8221; img_link_target=&#8221;_blank&#8221; el_class=&#8221;logo-partener logo-samsung&#8221; link=&#8221;https:\/\/rog.asus.com\/ro\/&#8221; css=&#8221;.vc_custom_1727451248188{margin-top: -15px !important;}&#8221;][\/vc_column_inner][vc_column_inner width=&#8221;1\/5&#8243;][vc_single_image image=&#8221;8246&#8243; img_size=&#8221;medium&#8221; alignment=&#8221;center&#8221; onclick=&#8221;custom_link&#8221; img_link_target=&#8221;_blank&#8221; el_class=&#8221;logo-partener logo-samsung&#8221; css=&#8221;.vc_custom_1727451279799{margin-top: -15px !important;}&#8221;][\/vc_column_inner][vc_column_inner width=&#8221;1\/5&#8243;][vc_single_image image=&#8221;8614&#8243; img_size=&#8221;medium&#8221; alignment=&#8221;center&#8221; onclick=&#8221;custom_link&#8221; img_link_target=&#8221;_blank&#8221; el_class=&#8221;logo-partener logo-samsung&#8221; css=&#8221;.vc_custom_1730904114080{margin-top: -15px !important;}&#8221; link=&#8221;https:\/\/www.evnia.philips\/ro-ro&#8221;][\/vc_column_inner][vc_column_inner width=&#8221;1\/5&#8243;][vc_single_image image=&#8221;3821&#8243; img_size=&#8221;full&#8221; alignment=&#8221;center&#8221; onclick=&#8221;custom_link&#8221; img_link_target=&#8221;_blank&#8221; el_class=&#8221;logo-partener&#8221; link=&#8221;https:\/\/www.philips.ro\/&#8221; css=&#8221;.vc_custom_1730349887373{margin-top: -15px !important;}&#8221;][\/vc_column_inner][vc_column_inner width=&#8221;1\/5&#8243;][vc_single_image image=&#8221;2879&#8243; img_size=&#8221;150&#215;121&#8243; alignment=&#8221;center&#8221; onclick=&#8221;custom_link&#8221; img_link_target=&#8221;_blank&#8221; el_class=&#8221;logo-partener&#8221; link=&#8221;https:\/\/amberstudio.com\/&#8221; css=&#8221;.vc_custom_1699481140496{margin-top: -15px !important;}&#8221;][\/vc_column_inner][vc_column_inner width=&#8221;1\/5&#8243;][vc_single_image image=&#8221;8546&#8243; img_size=&#8221;&#8221; alignment=&#8221;center&#8221; onclick=&#8221;custom_link&#8221; img_link_target=&#8221;_blank&#8221; el_class=&#8221;logo-partener&#8221; link=&#8221;https:\/\/qwertykey.ro\/&#8221; css=&#8221;.vc_custom_1730490111710{margin-top: -15px !important;}&#8221;][\/vc_column_inner][vc_column_inner width=&#8221;1\/5&#8243;][vc_single_image image=&#8221;8547&#8243; img_size=&#8221;&#8221; alignment=&#8221;center&#8221; onclick=&#8221;custom_link&#8221; img_link_target=&#8221;_blank&#8221; el_class=&#8221;logo-partener&#8221; link=&#8221;https:\/\/www.meteoritzi.ro\/&#8221; css=&#8221;.vc_custom_1730490108170{margin-top: -15px !important;}&#8221;][\/vc_column_inner][\/vc_row_inner][\/vc_column][\/vc_row][vc_row disable_element=&#8221;yes&#8221; enable_box_shadow=&#8221;no&#8221;][vc_column width=&#8221;5\/12&#8243; el_class=&#8221;logo-larger&#8221;][vc_row_inner enable_box_shadow=&#8221;no&#8221;][vc_column_inner width=&#8221;1\/2&#8243;][vc_single_image image=&#8221;2590&#8243; img_size=&#8221;full&#8221; alignment=&#8221;center&#8221; onclick=&#8221;custom_link&#8221; img_link_target=&#8221;_blank&#8221; el_class=&#8221;logo-partener&#8221; link=&#8221;http:\/\/vodafone.ro\/&#8221;][\/vc_column_inner][vc_column_inner width=&#8221;1\/2&#8243;][vc_single_image image=&#8221;2591&#8243; img_size=&#8221;full&#8221; alignment=&#8221;center&#8221; onclick=&#8221;custom_link&#8221; img_link_target=&#8221;_blank&#8221; el_class=&#8221;logo-partener&#8221; link=&#8221;https:\/\/www.bcr.ro\/ro\/george-initial&#8221;][\/vc_column_inner][\/vc_row_inner][vc_row_inner enable_box_shadow=&#8221;no&#8221;][vc_column_inner width=&#8221;1\/2&#8243;][\/vc_column_inner][vc_column_inner width=&#8221;1\/2&#8243;][\/vc_column_inner][\/vc_row_inner][\/vc_column][vc_column width=&#8221;7\/12&#8243; el_class=&#8221;logo-smaller&#8221;][vc_row_inner disable_element=&#8221;yes&#8221; enable_box_shadow=&#8221;no&#8221;][vc_column_inner width=&#8221;1\/4&#8243;][vc_single_image image=&#8221;3813&#8243; img_size=&#8221;medium&#8221; alignment=&#8221;center&#8221; onclick=&#8221;custom_link&#8221; img_link_target=&#8221;_blank&#8221; el_class=&#8221;logo-partener logo-samsung&#8221; link=&#8221;https:\/\/www.samsung.ro&#8221; css=&#8221;.vc_custom_1632907864920{margin-top: 15px !important;}&#8221;][\/vc_column_inner][vc_column_inner width=&#8221;1\/4&#8243;][vc_single_image image=&#8221;2594&#8243; img_size=&#8221;full&#8221; alignment=&#8221;center&#8221; onclick=&#8221;custom_link&#8221; img_link_target=&#8221;_blank&#8221; el_class=&#8221;logo-partener logo-logitech&#8221; link=&#8221;https:\/\/www.logitech.com\/en-roeu&#8221;][\/vc_column_inner][vc_column_inner width=&#8221;1\/4&#8243;][vc_single_image image=&#8221;2592&#8243; img_size=&#8221;full&#8221; alignment=&#8221;center&#8221; onclick=&#8221;custom_link&#8221; img_link_target=&#8221;_blank&#8221; el_class=&#8221;logo-partener&#8221; link=&#8221;https:\/\/www.foodpanda.ro\/&#8221;][\/vc_column_inner][vc_column_inner width=&#8221;1\/4&#8243;][vc_single_image image=&#8221;3249&#8243; img_size=&#8221;full&#8221; alignment=&#8221;center&#8221; onclick=&#8221;custom_link&#8221; img_link_target=&#8221;_blank&#8221; el_class=&#8221;logo-partener&#8221; link=&#8221;https:\/\/www.dell.com\/ro\/intreprinderi\/p\/alienware-laptops&#8221;][\/vc_column_inner][vc_column_inner width=&#8221;1\/4&#8243;][vc_single_image image=&#8221;3913&#8243; img_size=&#8221;full&#8221; alignment=&#8221;center&#8221; onclick=&#8221;custom_link&#8221; img_link_target=&#8221;_blank&#8221; el_class=&#8221;logo-partener extra-margin&#8221; link=&#8221;https:\/\/eu.aoc.com\/en\/gaming&#8221;][\/vc_column_inner][vc_column_inner width=&#8221;1\/4&#8243;][vc_single_image image=&#8221;3821&#8243; img_size=&#8221;126&#215;41&#8243; alignment=&#8221;center&#8221; onclick=&#8221;custom_link&#8221; img_link_target=&#8221;_blank&#8221; el_class=&#8221;logo-partener maxw-140 extra-margin&#8221; link=&#8221;https:\/\/www.philips.ro\/c-m-pe\/oneblade-tuns-conturat-barbierit?origin=2_ro_ro_20q4romgoneblad_bgw___cf_awa&amp;utm_source=bgw&amp;utm_medium=affiliate&amp;utm_campaign=20q4romgoneblad&amp;utm_content=awa&amp;utm_term=0&#8243; css=&#8221;.vc_custom_1632908791672{margin-top: -4px !important;}&#8221;][\/vc_column_inner][vc_column_inner width=&#8221;1\/4&#8243;][vc_single_image image=&#8221;2593&#8243; img_size=&#8221;full&#8221; alignment=&#8221;center&#8221; onclick=&#8221;custom_link&#8221; img_link_target=&#8221;_blank&#8221; el_class=&#8221;logo-partener extra-margin&#8221; link=&#8221;https:\/\/amberstudio.com\/&#8221;][\/vc_column_inner][vc_column_inner width=&#8221;1\/4&#8243;][vc_single_image image=&#8221;3952&#8243; img_size=&#8221;full&#8221; alignment=&#8221;center&#8221; onclick=&#8221;custom_link&#8221; img_link_target=&#8221;_blank&#8221; el_class=&#8221;logo-partener logo-adidas&#8221; link=&#8221;https:\/\/www.adidas.com\/us&#8221;][\/vc_column_inner][vc_column_inner width=&#8221;1\/4&#8243;][vc_single_image image=&#8221;3960&#8243; img_size=&#8221;full&#8221; alignment=&#8221;center&#8221; onclick=&#8221;custom_link&#8221; img_link_target=&#8221;_blank&#8221; el_class=&#8221;logo-partener&#8221; link=&#8221;https:\/\/nexusclub.ro\/&#8221;][\/vc_column_inner][vc_column_inner width=&#8221;1\/4&#8243;][vc_single_image image=&#8221;3970&#8243; img_size=&#8221;full&#8221; alignment=&#8221;center&#8221; onclick=&#8221;custom_link&#8221; img_link_target=&#8221;_blank&#8221; el_class=&#8221;logo-partener&#8221; link=&#8221;https:\/\/www.digitalcrusade.ro\/&#8221;][\/vc_column_inner][\/vc_row_inner][\/vc_column][\/vc_row][vc_row disable_element=&#8221;yes&#8221; enable_box_shadow=&#8221;no&#8221;][vc_column el_class=&#8221;logo-larger&#8221;][vc_single_image image=&#8221;2481&#8243; img_size=&#8221;full&#8221; alignment=&#8221;center&#8221;][\/vc_column][\/vc_row][\/vc_section][vc_section full_width=&#8221;stretch_row&#8221; css=&#8221;.vc_custom_1659964034672{background-color: #ffffff !important;}&#8221; el_id=&#8221;parteneri-media&#8221;][vc_row enable_box_shadow=&#8221;no&#8221;][vc_column][vc_empty_space el_class=&#8221;space-2&#8243;][vc_column_text]<\/p>\n<h4 style=\"text-align: center;\">Parteneri media<\/h4>\n<p>[\/vc_column_text][vc_empty_space el_class=&#8221;space-2&#8243;][vc_images_carousel images=&#8221;4640,4641,4643,4836&#8243; img_size=&#8221;medium&#8221; onclick=&#8221;custom_link&#8221; custom_links_target=&#8221;_blank&#8221; hide_pagination_control=&#8221;yes&#8221; hide_prev_next_buttons=&#8221;yes&#8221; el_class=&#8221;logo-carousel&#8221; custom_links=&#8221;#E-8_aHR0cHMlM0ElMkYlMkZ3d3cuY2luZW1hY2l0eS5ybyUyRiUyQ2h0dHBzJTNBJTJGJTJGbWVnYW1hbGxidWN1cmVzdGkucm8lMkYlMkNodHRwcyUzQSUyRiUyRnd3dy5raXNzZm0ucm8lMkYlMkNodHRwcyUzQSUyRiUyRmluc3RpdHV0ZS5ybyUyRiUyQ2h0dHBzJTNBJTJGJTJGd3d3LmdvNGdhbWVzLnJvJTJGJTJDaHR0cHMlM0ElMkYlMkZ3d3cuYnVjaGFyZXN0Z2FtaW5nd2Vlay5ybyUyRg==&#8221;][\/vc_column][\/vc_row][\/vc_section][vc_section full_width=&#8221;stretch_row&#8221; css=&#8221;.vc_custom_1659964034672{background-color: #ffffff !important;}&#8221;][vc_row enable_box_shadow=&#8221;no&#8221;][vc_column][vc_empty_space el_class=&#8221;space-2&#8243;][vc_column_text]<\/p>\n<h4 style=\"text-align: center;\">Organizator<\/h4>\n<p>[\/vc_column_text][vc_empty_space el_class=&#8221;space-2&#8243;][vc_single_image image=&#8221;551&#8243; img_size=&#8221;full&#8221; alignment=&#8221;center&#8221; onclick=&#8221;custom_link&#8221; img_link_target=&#8221;_blank&#8221; link=&#8221;https:\/\/dbopeople.ro\/&#8221; el_class=&#8221;logo-organizator&#8221;][\/vc_column][\/vc_row][\/vc_section][vc_section full_width=&#8221;stretch_row&#8221; el_class=&#8221;floatingbar-logo hide-mobile-off&#8221;][vc_row enable_box_shadow=&#8221;no&#8221;][vc_column][vc_images_carousel images=&#8221;8609,2955,8243,7050,3919,8244,8535,8245,5297,8246,8614,3821,2879,8546,8547,4640&#8243; img_size=&#8221;medium&#8221; onclick=&#8221;link_no&#8221; hide_pagination_control=&#8221;yes&#8221; hide_prev_next_buttons=&#8221;yes&#8221; el_class=&#8221;logo-carousel&#8221;][\/vc_column][\/vc_row][\/vc_section]<\/p>\n<\/div>[\/vc_column_text][\/vc_column][\/vc_row]<\/p>\n","protected":false},"excerpt":{"rendered":"<p>[vc_section full_width=&#8221;stretch_row&#8221; el_class=&#8221;page-header&#8221;][vc_row enable_box_shadow=&#8221;no&#8221; el_class=&#8221;page-header-block&#8221;][vc_column][vc_row_inner enable_box_shadow=&#8221;no&#8221; el_class=&#8221;page-header-block-inner&#8221;][vc_column_inner el_class=&#8221;page-header-col-heading&#8221; offset=&#8221;vc_col-lg-8&#8243;][vc_custom_heading source=&#8221;post_title&#8221; font_container=&#8221;tag:h1|text_align:left&#8221; use_theme_fonts=&#8221;yes&#8221;][\/vc_column_inner][vc_column_inner offset=&#8221;vc_col-lg-4 vc_col-md-12&#8243;][vc_column_text][\/vc_column_text][\/vc_column_inner][\/vc_row_inner][\/vc_column][\/vc_row][vc_row enable_box_shadow=&#8221;no&#8221; el_class=&#8221;page-header-block&#8221;][vc_column][vc_row_inner enable_box_shadow=&#8221;no&#8221; el_class=&#8221;page-header-block-inner&#8221;][vc_column_inner el_class=&#8221;page-header-col-description&#8221; width=&#8221;7\/12&#8243;][vc_column_text]Brandul a c\u0103rei campanie (campanii) ob\u021bine cel mai mare punctaj \u00een urma juriz\u0103rii nominaliz\u0103rilor de la cele trei categorii ( Cea [&hellip;]<\/p>\n","protected":false},"author":1,"featured_media":0,"parent":220,"menu_order":44,"comment_status":"closed","ping_status":"closed","template":"","meta":[],"acf":[],"yoast_head":"<!-- This site is optimized with the Yoast SEO plugin v16.4 - https:\/\/yoast.com\/wordpress\/plugins\/seo\/ -->\n<title>Gaming Communicator of the Year - Gaming Video Awards 2024<\/title>\n<meta name=\"robots\" content=\"index, follow, max-snippet:-1, max-image-preview:large, max-video-preview:-1\" \/>\n<link rel=\"canonical\" href=\"https:\/\/gamingvideoawards.ro\/2024\/categorii-de-concurs\/gaming-communicator-of-the-year\/\" \/>\n<meta property=\"og:locale\" content=\"ro_RO\" \/>\n<meta property=\"og:type\" content=\"article\" \/>\n<meta property=\"og:title\" content=\"Gaming Communicator of the Year - Gaming Video Awards 2024\" \/>\n<meta property=\"og:description\" content=\"[vc_section full_width=&#8221;stretch_row&#8221; el_class=&#8221;page-header&#8221;][vc_row enable_box_shadow=&#8221;no&#8221; el_class=&#8221;page-header-block&#8221;][vc_column][vc_row_inner enable_box_shadow=&#8221;no&#8221; el_class=&#8221;page-header-block-inner&#8221;][vc_column_inner el_class=&#8221;page-header-col-heading&#8221; offset=&#8221;vc_col-lg-8&#8243;][vc_custom_heading source=&#8221;post_title&#8221; font_container=&#8221;tag:h1|text_align:left&#8221; use_theme_fonts=&#8221;yes&#8221;][\/vc_column_inner][vc_column_inner offset=&#8221;vc_col-lg-4 vc_col-md-12&#8243;][vc_column_text][\/vc_column_text][\/vc_column_inner][\/vc_row_inner][\/vc_column][\/vc_row][vc_row enable_box_shadow=&#8221;no&#8221; el_class=&#8221;page-header-block&#8221;][vc_column][vc_row_inner enable_box_shadow=&#8221;no&#8221; el_class=&#8221;page-header-block-inner&#8221;][vc_column_inner el_class=&#8221;page-header-col-description&#8221; width=&#8221;7\/12&#8243;][vc_column_text]Brandul a c\u0103rei campanie (campanii) ob\u021bine cel mai mare punctaj \u00een urma juriz\u0103rii nominaliz\u0103rilor de la cele trei categorii ( Cea [&hellip;]\" \/>\n<meta property=\"og:url\" content=\"https:\/\/gamingvideoawards.ro\/2024\/categorii-de-concurs\/gaming-communicator-of-the-year\/\" \/>\n<meta property=\"og:site_name\" content=\"Gaming Video Awards 2024\" \/>\n<meta property=\"article:modified_time\" content=\"2024-11-13T14:29:25+00:00\" \/>\n<meta property=\"og:image\" content=\"https:\/\/gamingvideoawards.ro\/2024\/wp-content\/uploads\/2024\/08\/home-hero-logo@2x.png\" \/>\n\t<meta property=\"og:image:width\" content=\"1072\" \/>\n\t<meta property=\"og:image:height\" content=\"581\" \/>\n<meta name=\"twitter:card\" content=\"summary_large_image\" \/>\n<meta name=\"twitter:label1\" content=\"Timp estimat pentru citire\" \/>\n\t<meta name=\"twitter:data1\" content=\"1 minut\" \/>\n<script type=\"application\/ld+json\" class=\"yoast-schema-graph\">{\"@context\":\"https:\/\/schema.org\",\"@graph\":[{\"@type\":\"WebSite\",\"@id\":\"https:\/\/gamingvideoawards.ro\/2024\/#website\",\"url\":\"https:\/\/gamingvideoawards.ro\/2024\/\",\"name\":\"Gaming Video Awards 2024\",\"description\":\"\",\"potentialAction\":[{\"@type\":\"SearchAction\",\"target\":\"https:\/\/gamingvideoawards.ro\/2024\/?s={search_term_string}\",\"query-input\":\"required name=search_term_string\"}],\"inLanguage\":\"ro-RO\"},{\"@type\":\"WebPage\",\"@id\":\"https:\/\/gamingvideoawards.ro\/2024\/categorii-de-concurs\/gaming-communicator-of-the-year\/#webpage\",\"url\":\"https:\/\/gamingvideoawards.ro\/2024\/categorii-de-concurs\/gaming-communicator-of-the-year\/\",\"name\":\"Gaming Communicator of the Year - Gaming Video Awards 2024\",\"isPartOf\":{\"@id\":\"https:\/\/gamingvideoawards.ro\/2024\/#website\"},\"datePublished\":\"2021-10-07T12:37:49+00:00\",\"dateModified\":\"2024-11-13T14:29:25+00:00\",\"breadcrumb\":{\"@id\":\"https:\/\/gamingvideoawards.ro\/2024\/categorii-de-concurs\/gaming-communicator-of-the-year\/#breadcrumb\"},\"inLanguage\":\"ro-RO\",\"potentialAction\":[{\"@type\":\"ReadAction\",\"target\":[\"https:\/\/gamingvideoawards.ro\/2024\/categorii-de-concurs\/gaming-communicator-of-the-year\/\"]}]},{\"@type\":\"BreadcrumbList\",\"@id\":\"https:\/\/gamingvideoawards.ro\/2024\/categorii-de-concurs\/gaming-communicator-of-the-year\/#breadcrumb\",\"itemListElement\":[{\"@type\":\"ListItem\",\"position\":1,\"item\":{\"@type\":\"WebPage\",\"@id\":\"https:\/\/gamingvideoawards.ro\/2024\/\",\"url\":\"https:\/\/gamingvideoawards.ro\/2024\/\",\"name\":\"Prima pagin\\u0103\"}},{\"@type\":\"ListItem\",\"position\":2,\"item\":{\"@type\":\"WebPage\",\"@id\":\"https:\/\/gamingvideoawards.ro\/2024\/categorii-de-concurs\/\",\"url\":\"https:\/\/gamingvideoawards.ro\/2024\/categorii-de-concurs\/\",\"name\":\"Categorii de concurs\"}},{\"@type\":\"ListItem\",\"position\":3,\"item\":{\"@id\":\"https:\/\/gamingvideoawards.ro\/2024\/categorii-de-concurs\/gaming-communicator-of-the-year\/#webpage\"}}]}]}<\/script>\n<!-- \/ Yoast SEO plugin. -->","_links":{"self":[{"href":"https:\/\/gamingvideoawards.ro\/2024\/wp-json\/wp\/v2\/pages\/3977"}],"collection":[{"href":"https:\/\/gamingvideoawards.ro\/2024\/wp-json\/wp\/v2\/pages"}],"about":[{"href":"https:\/\/gamingvideoawards.ro\/2024\/wp-json\/wp\/v2\/types\/page"}],"author":[{"embeddable":true,"href":"https:\/\/gamingvideoawards.ro\/2024\/wp-json\/wp\/v2\/users\/1"}],"replies":[{"embeddable":true,"href":"https:\/\/gamingvideoawards.ro\/2024\/wp-json\/wp\/v2\/comments?post=3977"}],"version-history":[{"count":22,"href":"https:\/\/gamingvideoawards.ro\/2024\/wp-json\/wp\/v2\/pages\/3977\/revisions"}],"predecessor-version":[{"id":8656,"href":"https:\/\/gamingvideoawards.ro\/2024\/wp-json\/wp\/v2\/pages\/3977\/revisions\/8656"}],"up":[{"embeddable":true,"href":"https:\/\/gamingvideoawards.ro\/2024\/wp-json\/wp\/v2\/pages\/220"}],"wp:attachment":[{"href":"https:\/\/gamingvideoawards.ro\/2024\/wp-json\/wp\/v2\/media?parent=3977"}],"curies":[{"name":"wp","href":"https:\/\/api.w.org\/{rel}","templated":true}]}}